{"id":1863,"date":"2025-06-26T23:52:14","date_gmt":"2025-06-26T20:52:14","guid":{"rendered":"https:\/\/rkeeper.us\/?page_id=1863"},"modified":"2025-07-22T12:08:46","modified_gmt":"2025-07-22T09:08:46","slug":"samoobsluzne-kiosky","status":"publish","type":"page","link":"https:\/\/ucsrkeeper.sk\/?page_id=1863","title":{"rendered":"Samoobslu\u017en\u00e9 kiosky"},"content":{"rendered":"\t\t<div data-elementor-type=\"wp-page\" data-elementor-id=\"1863\" class=\"elementor elementor-1863 elementor-1787\" data-elementor-post-type=\"page\">\n\t\t\t\t<div class=\"elementor-element elementor-element-45a7e7ff e-flex e-con-boxed e-con e-parent\" data-id=\"45a7e7ff\" data-element_type=\"container\" data-e-type=\"container\">\n\t\t\t\t\t<div class=\"e-con-inner\">\n\t\t\t\t<div class=\"elementor-element elementor-element-7639dded elementor-widget elementor-widget-heading\" data-id=\"7639dded\" data-element_type=\"widget\" data-e-type=\"widget\" data-widget_type=\"heading.default\">\n\t\t\t\t<div class=\"elementor-widget-container\">\n\t\t\t\t\t<h3 class=\"elementor-heading-title elementor-size-default\">Samoobslu\u017en\u00e9 kiosky<\/h3>\t\t\t\t<\/div>\n\t\t\t\t<\/div>\n\t\t\t\t<div class=\"elementor-element elementor-element-60686d3 elementor-widget elementor-widget-text-editor\" data-id=\"60686d3\" data-element_type=\"widget\" data-e-type=\"widget\" data-widget_type=\"text-editor.default\">\n\t\t\t\t<div class=\"elementor-widget-container\">\n\t\t\t\t\t\t\t\t\t<h2 id=\"Empower-your-fast-food-experience-with-r_keeper-kiosks-1\"><strong>Pozdvihnite va\u0161e r\u00fdchle ob\u010derstvenie s kioskmi r_keeper<\/strong><\/h2><figure class=\"image image-style-align-left image_resized\"><img fetchpriority=\"high\" decoding=\"async\" class=\"alignright\" src=\"https:\/\/img.perfectwiki.xyz\/insecure\/resize:fit:400\/aHR0cHM6Ly9zdG9yYWdlLmdvb2dsZWFwaXMuY29tL3BlcmZlY3Rfd2lraS9jMThmZTZmNy03MTRiLTQxMzItYmI1NC0zNTY0ODc3NWVkMGMvY1NJdzZ0a3l0OFU2UTIxZUlGQk4vJUQwJUI4JUQwJUI3JUQwJUJFJUQwJUIxJUQxJTgwJUQwJUIwJUQwJUI2JUQwJUI1JUQwJUJEJUQwJUI4JUQwJUI1X2Q2NTk2NWQzLTFkNDUtNDYyOC05ZTkxLWJlOGUxYzc1ODBhMy5wbmc.webp\" sizes=\"100vw\" srcset=\"https:\/\/img.perfectwiki.xyz\/insecure\/resize:fit:400\/aHR0cHM6Ly9zdG9yYWdlLmdvb2dsZWFwaXMuY29tL3BlcmZlY3Rfd2lraS9jMThmZTZmNy03MTRiLTQxMzItYmI1NC0zNTY0ODc3NWVkMGMvY1NJdzZ0a3l0OFU2UTIxZUlGQk4vJUQwJUI4JUQwJUI3JUQwJUJFJUQwJUIxJUQxJTgwJUQwJUIwJUQwJUI2JUQwJUI1JUQwJUJEJUQwJUI4JUQwJUI1X2Q2NTk2NWQzLTFkNDUtNDYyOC05ZTkxLWJlOGUxYzc1ODBhMy5wbmc.webp 400w, https:\/\/img.perfectwiki.xyz\/insecure\/resize:fit:800\/aHR0cHM6Ly9zdG9yYWdlLmdvb2dsZWFwaXMuY29tL3BlcmZlY3Rfd2lraS9jMThmZTZmNy03MTRiLTQxMzItYmI1NC0zNTY0ODc3NWVkMGMvY1NJdzZ0a3l0OFU2UTIxZUlGQk4vJUQwJUI4JUQwJUI3JUQwJUJFJUQwJUIxJUQxJTgwJUQwJUIwJUQwJUI2JUQwJUI1JUQwJUJEJUQwJUI4JUQwJUI1X2Q2NTk2NWQzLTFkNDUtNDYyOC05ZTkxLWJlOGUxYzc1ODBhMy5wbmc.webp 800w, https:\/\/img.perfectwiki.xyz\/insecure\/resize:fit:1200\/aHR0cHM6Ly9zdG9yYWdlLmdvb2dsZWFwaXMuY29tL3BlcmZlY3Rfd2lraS9jMThmZTZmNy03MTRiLTQxMzItYmI1NC0zNTY0ODc3NWVkMGMvY1NJdzZ0a3l0OFU2UTIxZUlGQk4vJUQwJUI4JUQwJUI3JUQwJUJFJUQwJUIxJUQxJTgwJUQwJUIwJUQwJUI2JUQwJUI1JUQwJUJEJUQwJUI4JUQwJUI1X2Q2NTk2NWQzLTFkNDUtNDYyOC05ZTkxLWJlOGUxYzc1ODBhMy5wbmc.webp 1200w, https:\/\/img.perfectwiki.xyz\/insecure\/aHR0cHM6Ly9zdG9yYWdlLmdvb2dsZWFwaXMuY29tL3BlcmZlY3Rfd2lraS9jMThmZTZmNy03MTRiLTQxMzItYmI1NC0zNTY0ODc3NWVkMGMvY1NJdzZ0a3l0OFU2UTIxZUlGQk4vJUQwJUI4JUQwJUI3JUQwJUJFJUQwJUIxJUQxJTgwJUQwJUIwJUQwJUI2JUQwJUI1JUQwJUJEJUQwJUI4JUQwJUI1X2Q2NTk2NWQzLTFkNDUtNDYyOC05ZTkxLWJlOGUxYzc1ODBhMy5wbmc.webp 1400w\" alt=\"produkty \/ 1 Samoobslu\u017en\u00e9 kiosky \u2705  \" width=\"428\" height=\"426\"><\/figure><h3 id=\"Quick.-Efficient.-User-Friendly.-2\"><strong>R\u00fdchle. Efekt\u00edvne. Pou\u017e\u00edvate\u013esky pr\u00edvetiv\u00e9.  <\/strong><\/h3><p>Na\u0161e kiosky s\u00fa r\u00fdchle, efekt\u00edvne a neuverite\u013ene u\u017e\u00edvate\u013esky pr\u00edvetiv\u00e9 a umo\u017e\u0148uj\u00fa z\u00e1kazn\u00edkom zad\u00e1va\u0165 objedn\u00e1vky z pohodlia, \u010d\u00edm skracuj\u00fa \u010das \u010dakania a zvy\u0161uj\u00fa spokojnos\u0165. Ponorte sa do bud\u00facnosti stravovania, kde sa technol\u00f3gia stret\u00e1va s chu\u0165ou. Zv\u00fd\u0161te efektivitu svojej re\u0161taur\u00e1cie a sledujte, ako va\u0161e podnikanie rastie v\u010faka spolo\u010dnosti <strong>r_keeper<\/strong>. Kontaktujte n\u00e1s e\u0161te dnes a transformujte svoje slu\u017eby!   <\/p><ul><li>\u201eSkr\u00e1tenie \u010dakac\u00edch d\u00f4b\u201c<\/li><li>\u201eZv\u00fd\u0161enie spokojnosti z\u00e1kazn\u00edkov\u201c<\/li><li>\u201eZv\u00fd\u0161enie presnosti objedn\u00e1vok\u201c<\/li><li>\u201eZv\u00fd\u0161enie predaja v\u010faka up-sellingu a cross-sellingu\u201c<\/li><\/ul><h2 id=\"How-R-Keeper-Kiosks-Work-1\"><strong>Ako funguj\u00fa kiosky r-keeper<\/strong><\/h2><ul><li>\u201eJednoduch\u00e1 in\u0161tal\u00e1cia\u201c<\/li><li>\u201eBezprobl\u00e9mov\u00e9 objedn\u00e1vanie\u201c<\/li><li>\u201eOkam\u017eit\u00e9 spracovanie platieb\u201c<\/li><li>\u201eR\u00fdchle vybavenie objedn\u00e1vok\u201c<\/li><\/ul><h2><strong>V\u00fdhody kioskov R-keeper<\/strong><\/h2><p><strong style=\"letter-spacing: 0px; word-spacing: 0em; background-color: transparent;\">&#8222;Zefekt\u00edvnite svoje oper\u00e1cie&#8220; <\/strong><span style=\"letter-spacing: 0px; word-spacing: 0em; background-color: transparent;\">je o revol\u00facii v sp\u00f4sobe, ak\u00fdm re\u0161taur\u00e1cie r\u00fdchleho ob\u010derstvenia riadia svoje ka\u017edodenn\u00e9 pracovn\u00e9 postupy a interakcie so z\u00e1kazn\u00edkmi. <\/span><span style=\"letter-spacing: 0px; word-spacing: 0em; background-color: transparent;\">Tento pr\u00edstup vyu\u017e\u00edva pokro\u010dil\u00e9 technol\u00f3gie na zefekt\u00edvnenie \u010dinnosti re\u0161taur\u00e1cie, \u010d\u00edm sa zni\u017euje \u010das a \u00fasilie vynalo\u017een\u00e9 na rutinn\u00e9 \u00falohy.<\/span><\/p><p><strong style=\"background-color: transparent; letter-spacing: 0px; word-spacing: 0em;\">R\u00fdchlej\u0161\u00ed proces objedn\u00e1vania:<\/strong><span style=\"background-color: transparent; letter-spacing: 0px; word-spacing: 0em;\"> Z\u00e1kazn\u00edci m\u00f4\u017eu r\u00fdchlo zad\u00e1va\u0165 svoje objedn\u00e1vky prostredn\u00edctvom intuit\u00edvnych dotykov\u00fdch rozhran\u00ed, \u010d\u00edm sa skracuje \u010das \u010dakania v rade a minimalizuje sa tlak na zamestnancov v \u010dase \u0161pi\u010dky.<\/span><\/p><p><strong style=\"background-color: transparent; letter-spacing: 0px; word-spacing: 0em;\">Zlep\u0161en\u00e1 presnos\u0165 objedn\u00e1vok:<\/strong><span style=\"background-color: transparent; letter-spacing: 0px; word-spacing: 0em;\">  V\u010faka samoobslu\u017en\u00fdm kioskom maj\u00fa z\u00e1kazn\u00edci mo\u017enos\u0165 prisp\u00f4sobi\u0165 si objedn\u00e1vky presne pod\u013ea svojich predst\u00e1v, \u010do v\u00fdrazne zni\u017euje pravdepodobnos\u0165 ch\u00fdb, ktor\u00e9 sa m\u00f4\u017eu vyskytn\u00fa\u0165 pri tradi\u010dn\u00fdch sp\u00f4soboch objedn\u00e1vania. T\u00e1to presnos\u0165 zaru\u010duje, \u017ee z\u00e1kazn\u00edci dostan\u00fa presne to, \u010do si objednali, \u010d\u00edm sa zvy\u0161uje spokojnos\u0165 a zni\u017euje plytvanie. <\/span><\/p><p><strong style=\"background-color: transparent; letter-spacing: 0px; word-spacing: 0em;\">Efekt\u00edvne pride\u013eovanie zamestnancov:<\/strong><span style=\"background-color: transparent; letter-spacing: 0px; word-spacing: 0em;\">  V\u010faka automatiz\u00e1cii procesu prij\u00edmania objedn\u00e1vok sa va\u0161i zamestnanci m\u00f4\u017eu s\u00fastredi\u0165 na in\u00e9 d\u00f4le\u017eit\u00e9 oblasti, ako je pr\u00edprava jed\u00e1l a slu\u017eby z\u00e1kazn\u00edkom. Toto optimalizovan\u00e9 pride\u013eovanie \u013eudsk\u00fdch zdrojov zabezpe\u010duje plynul\u00fd chod prev\u00e1dzky a zvy\u0161uje celkov\u00fa efekt\u00edvnos\u0165 va\u0161ej re\u0161taur\u00e1cie. <\/span><\/p><p><img decoding=\"async\" class=\"alignleft\" style=\"margin: 8px 8px 0px;\" src=\"https:\/\/img.perfectwiki.xyz\/insecure\/resize:fit:400\/aHR0cHM6Ly9zdG9yYWdlLmdvb2dsZWFwaXMuY29tL3BlcmZlY3Rfd2lraS9jMThmZTZmNy03MTRiLTQxMzItYmI1NC0zNTY0ODc3NWVkMGMvY1NJdzZ0a3l0OFU2UTIxZUlGQk4vJUQwJUI4JUQwJUI3JUQwJUJFJUQwJUIxJUQxJTgwJUQwJUIwJUQwJUI2JUQwJUI1JUQwJUJEJUQwJUI4JUQwJUI1XzI4MzhjZjMwLTdiYTAtNDI4OC04NWE5LWUyYTNjZjM0M2EzMi5wbmc.webp\" sizes=\"100vw\" srcset=\"https:\/\/img.perfectwiki.xyz\/insecure\/resize:fit:400\/aHR0cHM6Ly9zdG9yYWdlLmdvb2dsZWFwaXMuY29tL3BlcmZlY3Rfd2lraS9jMThmZTZmNy03MTRiLTQxMzItYmI1NC0zNTY0ODc3NWVkMGMvY1NJdzZ0a3l0OFU2UTIxZUlGQk4vJUQwJUI4JUQwJUI3JUQwJUJFJUQwJUIxJUQxJTgwJUQwJUIwJUQwJUI2JUQwJUI1JUQwJUJEJUQwJUI4JUQwJUI1XzI4MzhjZjMwLTdiYTAtNDI4OC04NWE5LWUyYTNjZjM0M2EzMi5wbmc.webp 400w, https:\/\/img.perfectwiki.xyz\/insecure\/resize:fit:800\/aHR0cHM6Ly9zdG9yYWdlLmdvb2dsZWFwaXMuY29tL3BlcmZlY3Rfd2lraS9jMThmZTZmNy03MTRiLTQxMzItYmI1NC0zNTY0ODc3NWVkMGMvY1NJdzZ0a3l0OFU2UTIxZUlGQk4vJUQwJUI4JUQwJUI3JUQwJUJFJUQwJUIxJUQxJTgwJUQwJUIwJUQwJUI2JUQwJUI1JUQwJUJEJUQwJUI4JUQwJUI1XzI4MzhjZjMwLTdiYTAtNDI4OC04NWE5LWUyYTNjZjM0M2EzMi5wbmc.webp 800w, https:\/\/img.perfectwiki.xyz\/insecure\/resize:fit:1200\/aHR0cHM6Ly9zdG9yYWdlLmdvb2dsZWFwaXMuY29tL3BlcmZlY3Rfd2lraS9jMThmZTZmNy03MTRiLTQxMzItYmI1NC0zNTY0ODc3NWVkMGMvY1NJdzZ0a3l0OFU2UTIxZUlGQk4vJUQwJUI4JUQwJUI3JUQwJUJFJUQwJUIxJUQxJTgwJUQwJUIwJUQwJUI2JUQwJUI1JUQwJUJEJUQwJUI4JUQwJUI1XzI4MzhjZjMwLTdiYTAtNDI4OC04NWE5LWUyYTNjZjM0M2EzMi5wbmc.webp 1200w, https:\/\/img.perfectwiki.xyz\/insecure\/aHR0cHM6Ly9zdG9yYWdlLmdvb2dsZWFwaXMuY29tL3BlcmZlY3Rfd2lraS9jMThmZTZmNy03MTRiLTQxMzItYmI1NC0zNTY0ODc3NWVkMGMvY1NJdzZ0a3l0OFU2UTIxZUlGQk4vJUQwJUI4JUQwJUI3JUQwJUJFJUQwJUIxJUQxJTgwJUQwJUIwJUQwJUI2JUQwJUI1JUQwJUJEJUQwJUI4JUQwJUI1XzI4MzhjZjMwLTdiYTAtNDI4OC04NWE5LWUyYTNjZjM0M2EzMi5wbmc.webp 1400w\" alt=\"produkty \/ 1 Samoobslu\u017en\u00e9 kiosky \u2705  \" width=\"485\" height=\"324\"><\/p><p><strong style=\"background-color: transparent; letter-spacing: 0px; word-spacing: 0em;\">Poznatky zalo\u017een\u00e9 na \u00fadajoch:<\/strong><span style=\"background-color: transparent; letter-spacing: 0px; word-spacing: 0em;\">  Kiosky R-Keeper zhroma\u017e\u010fuj\u00fa cenn\u00e9 \u00fadaje o preferenci\u00e1ch z\u00e1kazn\u00edkov a sp\u00f4soboch objedn\u00e1vania. Tieto inform\u00e1cie mo\u017eno analyzova\u0165 a prij\u00edma\u0165 informovan\u00e9 rozhodnutia o \u00faprav\u00e1ch jed\u00e1lneho l\u00edstka, propaga\u010dn\u00fdch strat\u00e9gi\u00e1ch a person\u00e1lnom obsaden\u00ed v \u010dase \u0161pi\u010dky, \u010d\u00edm sa \u010falej zefekt\u00edv\u0148uje prev\u00e1dzka a prisp\u00f4sobuje stravovanie vkusu z\u00e1kazn\u00edkov. <\/span><\/p><p><strong style=\"background-color: transparent; letter-spacing: 0px; word-spacing: 0em;\">&#8222;Posilnite postavenie svojich z\u00e1kazn\u00edkov&#8220;  <\/strong><span style=\"background-color: transparent; letter-spacing: 0px; word-spacing: 0em;\">poskytuje z\u00e1kazn\u00edkom kontrolu nad ich stravovan\u00edm vo va\u0161ej re\u0161taur\u00e1cii r\u00fdchleho ob\u010derstvenia. Tieto kiosky pon\u00fakaj\u00fa intuit\u00edvny a interakt\u00edvny proces objedn\u00e1vania, ktor\u00fd z\u00e1kazn\u00edkom umo\u017e\u0148uje prezera\u0165 si menu vlastn\u00fdm tempom, prisp\u00f4sobi\u0165 si objedn\u00e1vky presne pod\u013ea svojich preferenci\u00ed a dokonca presk\u00fama\u0165 nov\u00e9 polo\u017eky alebo propaga\u010dn\u00e9 akcie. Tento samostatn\u00fd pr\u00edstup nielen\u017ee zvy\u0161uje spokojnos\u0165 z\u00e1kazn\u00edkov t\u00fdm, \u017ee im poskytuje mo\u017enos\u0165 v\u00fdberu a flexibilitu, ale z\u00e1rove\u0148 ich zap\u00e1ja do modern\u00e9ho, technicky vyspel\u00e9ho stolovania. Posilnenie postavenia z\u00e1kazn\u00edkov t\u00fdmto sp\u00f4sobom m\u00f4\u017ee vies\u0165 k zv\u00fd\u0161eniu hodnoty objedn\u00e1vok v\u010faka mo\u017enostiam zv\u00fd\u0161en\u00e9ho predaja a personalizovanej\u0161\u00edm slu\u017eb\u00e1m, \u010do prispieva k lojalite z\u00e1kazn\u00edkov a ich opakovan\u00fdm z\u00e1kazk\u00e1m.   <\/span><\/p><p><strong style=\"background-color: transparent; letter-spacing: 0px; word-spacing: 0em;\">&#8222;Zlep\u0161ite svoje v\u00fdsledky&#8220;  <\/strong><span style=\"background-color: transparent; letter-spacing: 0px; word-spacing: 0em;\">vyu\u017eitie technol\u00f3gie na priamy vplyv na ziskovos\u0165 va\u0161ej re\u0161taur\u00e1cie r\u00fdchleho ob\u010derstvenia. Tu sa dozviete, ako m\u00f4\u017ee integr\u00e1cia t\u00fdchto kioskov podpori\u0165 rast tr\u017eieb: <\/span><\/p><p><strong style=\"background-color: transparent; letter-spacing: 0px; word-spacing: 0em;\">Upselling a cross-selling:<\/strong><span style=\"background-color: transparent; letter-spacing: 0px; word-spacing: 0em;\">  Kiosky m\u00f4\u017eu automaticky navrhova\u0165 doplnky alebo vylep\u0161enia v mieste objedn\u00e1vky, a tak povzbudzova\u0165 z\u00e1kazn\u00edkov k \u010fal\u0161\u00edm n\u00e1kupom. Napr\u00edklad navrhn\u00fa\u0165 n\u00e1poj k hamburgeru alebo pon\u00faknu\u0165 pr\u00edlohu za zv\u00fdhodnen\u00fa cenu pri k\u00fape hlavn\u00e9ho jedla. To nielen\u017ee zvy\u0161uje priemern\u00fa hodnotu objedn\u00e1vky, ale rob\u00ed sa to bez vn\u00edmania n\u00e1tlaku \u013eudsk\u00e9ho upsellingu.  <\/span><\/p><p><strong style=\"background-color: transparent; letter-spacing: 0px; word-spacing: 0em;\">Zn\u00ed\u017eenie n\u00e1kladov na pr\u00e1cu:<\/strong><span style=\"background-color: transparent; letter-spacing: 0px; word-spacing: 0em;\">  Automatiz\u00e1ciou procesu objedn\u00e1vania m\u00f4\u017eete presun\u00fa\u0165 zamestnancov na d\u00f4le\u017eitej\u0161ie oblasti prev\u00e1dzky alebo zn\u00ed\u017ei\u0165 po\u010det potrebn\u00fdch zamestnancov po\u010das menej vy\u0165a\u017een\u00fdch obdob\u00ed. T\u00e1to optimaliz\u00e1cia m\u00f4\u017ee vies\u0165 k v\u00fdrazn\u00fdm \u00faspor\u00e1m n\u00e1kladov na pracovn\u00fa silu, ktor\u00e9 s\u00fa jedn\u00fdm z najv\u00fdraznej\u0161\u00edch v\u00fddavkov v re\u0161taura\u010dnom priemysle. <\/span><\/p><p><strong>Zv\u00fd\u0161en\u00e1 priepustnos\u0165:<\/strong> Samoobslu\u017en\u00e9 kiosky dok\u00e1\u017eu vybavi\u0165 viacero objedn\u00e1vok s\u00fa\u010dasne a funguj\u00fa nepretr\u017eite, \u010do vedie k vy\u0161\u0161ej priepustnosti z\u00e1kazn\u00edkov, najm\u00e4 v \u010dase \u0161pi\u010dky. T\u00e1to efektivita znamen\u00e1, \u017ee za krat\u0161\u00ed \u010das mo\u017eno spracova\u0165 viac predajov, \u010do priamo zvy\u0161uje potenci\u00e1l pr\u00edjmov. <\/p>\t\t\t\t\t\t\t\t<\/div>\n\t\t\t\t<\/div>\n\t\t\t\t<div class=\"elementor-element elementor-element-4800aad5 elementor-align-center elementor-mobile-align-center elementor-widget elementor-widget-button\" data-id=\"4800aad5\" data-element_type=\"widget\" data-e-type=\"widget\" data-widget_type=\"button.default\">\n\t\t\t\t<div class=\"elementor-widget-container\">\n\t\t\t\t\t\t\t\t\t<div class=\"elementor-button-wrapper\">\n\t\t\t\t\t<a class=\"elementor-button elementor-button-link elementor-size-sm\" href=\"http:\/\/ucsrkeeper.sk\/?page_id=256\">\n\t\t\t\t\t\t<span class=\"elementor-button-content-wrapper\">\n\t\t\t\t\t\t\t\t\t<span class=\"elementor-button-text\">Kontaktujte n\u00e1s<\/span>\n\t\t\t\t\t<\/span>\n\t\t\t\t\t<\/a>\n\t\t\t\t<\/div>\n\t\t\t\t\t\t\t\t<\/div>\n\t\t\t\t<\/div>\n\t\t\t\t\t<\/div>\n\t\t\t\t<\/div>\n\t\t\t\t<\/div>\n\t\t","protected":false},"excerpt":{"rendered":"<p>Samoobslu\u017en\u00e9 kiosky Pozdvihnite va\u0161e r\u00fdchle ob\u010derstvenie s kioskmi r_keeper R\u00fdchle. Efekt\u00edvne. Pou\u017e\u00edvate\u013esky pr\u00edvetiv\u00e9. Na\u0161e kiosky s\u00fa r\u00fdchle, efekt\u00edvne a neuverite\u013ene u\u017e\u00edvate\u013esky pr\u00edvetiv\u00e9 a umo\u017e\u0148uj\u00fa z\u00e1kazn\u00edkom zad\u00e1va\u0165 objedn\u00e1vky z pohodlia, \u010d\u00edm skracuj\u00fa \u010das \u010dakania a zvy\u0161uj\u00fa spokojnos\u0165. Ponorte sa do bud\u00facnosti stravovania, kde sa technol\u00f3gia stret\u00e1va s chu\u0165ou. Zv\u00fd\u0161te efektivitu svojej re\u0161taur\u00e1cie a sledujte, ako va\u0161e [&hellip;]<\/p>\n","protected":false},"author":1,"featured_media":0,"parent":0,"menu_order":0,"comment_status":"closed","ping_status":"closed","template":"elementor_header_footer","meta":{"footnotes":""},"class_list":["post-1863","page","type-page","status-publish","hentry"],"_links":{"self":[{"href":"https:\/\/ucsrkeeper.sk\/index.php?rest_route=\/wp\/v2\/pages\/1863","targetHints":{"allow":["GET"]}}],"collection":[{"href":"https:\/\/ucsrkeeper.sk\/index.php?rest_route=\/wp\/v2\/pages"}],"about":[{"href":"https:\/\/ucsrkeeper.sk\/index.php?rest_route=\/wp\/v2\/types\/page"}],"author":[{"embeddable":true,"href":"https:\/\/ucsrkeeper.sk\/index.php?rest_route=\/wp\/v2\/users\/1"}],"replies":[{"embeddable":true,"href":"https:\/\/ucsrkeeper.sk\/index.php?rest_route=%2Fwp%2Fv2%2Fcomments&post=1863"}],"version-history":[{"count":6,"href":"https:\/\/ucsrkeeper.sk\/index.php?rest_route=\/wp\/v2\/pages\/1863\/revisions"}],"predecessor-version":[{"id":3698,"href":"https:\/\/ucsrkeeper.sk\/index.php?rest_route=\/wp\/v2\/pages\/1863\/revisions\/3698"}],"wp:attachment":[{"href":"https:\/\/ucsrkeeper.sk\/index.php?rest_route=%2Fwp%2Fv2%2Fmedia&parent=1863"}],"curies":[{"name":"wp","href":"https:\/\/api.w.org\/{rel}","templated":true}]}}