{"id":2482,"date":"2025-07-14T16:04:46","date_gmt":"2025-07-14T13:04:46","guid":{"rendered":"https:\/\/rkeeper.us\/?page_id=2482"},"modified":"2025-07-22T11:58:43","modified_gmt":"2025-07-22T08:58:43","slug":"drive-through","status":"publish","type":"page","link":"https:\/\/ucsrkeeper.sk\/?page_id=2482","title":{"rendered":"Drive-through"},"content":{"rendered":"<h3>Drive-through<\/h3>\n<h2 id=\"Drive-Through:-Speed-Up-Serve-More-Smile-Often-1\"><strong>Drive-Through: Zr\u00fdchlite, obsluhujte viac, \u010dasto sa usmievajte<\/strong><\/h2>\n<h3 id=\"Fast.-Frictionless.-Fully-Integrated.-2\">R\u00fdchlo. Bez trenia. Plne integrovan\u00fd.  <\/h3>\n<p>Modern\u00fd drive-through nie je len okienko a reproduktor.<br \/>Je to dobre namazan\u00fd syst\u00e9m, ktor\u00fd v priebehu nieko\u013ek\u00fdch sek\u00fand prepoj\u00ed va\u0161e menu, kuchy\u0148u, platbu a z\u00e1kazn\u00edka.<br \/>Na\u0161e <strong>rie\u0161enie Drive-Through Solution<\/strong> v\u00e1m poskytne v\u0161etko, \u010do potrebujete, aby ste obsl\u00fa\u017eili viac \u00e1ut, r\u00fdchlej\u0161ie a s men\u0161\u00edm po\u010dtom ch\u00fdb.<\/p>\n<p>Od obrazovky po sendvi\u010d &#8211; zefekt\u00edvnite cel\u00fd jazdn\u00fd pruh.<\/p>\n<h3 id=\"Built-for-Speed-and-Accuracy-2\"><strong>Skon\u0161truovan\u00e9 pre r\u00fdchlos\u0165 a presnos\u0165<\/strong><\/h3>\n<p><img fetchpriority=\"high\" decoding=\"async\" style=\"margin: 8px 8px 0px;\" src=\"https:\/\/img.perfectwiki.xyz\/insecure\/resize:fit:400\/aHR0cHM6Ly9zdG9yYWdlLmdvb2dsZWFwaXMuY29tL3BlcmZlY3Rfd2lraS9jMThmZTZmNy03MTRiLTQxMzItYmI1NC0zNTY0ODc3NWVkMGMvNWhqMGlFVlkzaUtwbDRKQ1RhTGsvJUQwJUI4JUQwJUI3JUQwJUJFJUQwJUIxJUQxJTgwJUQwJUIwJUQwJUI2JUQwJUI1JUQwJUJEJUQwJUI4JUQwJUI1XzZmZWI4ZTcwLTdkYWMtNGUyMC1iMTBkLWFiYTdmOTllODczNS5wbmc.webp\" sizes=\"100vw\" srcset=\"https:\/\/img.perfectwiki.xyz\/insecure\/resize:fit:400\/aHR0cHM6Ly9zdG9yYWdlLmdvb2dsZWFwaXMuY29tL3BlcmZlY3Rfd2lraS9jMThmZTZmNy03MTRiLTQxMzItYmI1NC0zNTY0ODc3NWVkMGMvNWhqMGlFVlkzaUtwbDRKQ1RhTGsvJUQwJUI4JUQwJUI3JUQwJUJFJUQwJUIxJUQxJTgwJUQwJUIwJUQwJUI2JUQwJUI1JUQwJUJEJUQwJUI4JUQwJUI1XzZmZWI4ZTcwLTdkYWMtNGUyMC1iMTBkLWFiYTdmOTllODczNS5wbmc.webp 400w, https:\/\/img.perfectwiki.xyz\/insecure\/resize:fit:800\/aHR0cHM6Ly9zdG9yYWdlLmdvb2dsZWFwaXMuY29tL3BlcmZlY3Rfd2lraS9jMThmZTZmNy03MTRiLTQxMzItYmI1NC0zNTY0ODc3NWVkMGMvNWhqMGlFVlkzaUtwbDRKQ1RhTGsvJUQwJUI4JUQwJUI3JUQwJUJFJUQwJUIxJUQxJTgwJUQwJUIwJUQwJUI2JUQwJUI1JUQwJUJEJUQwJUI4JUQwJUI1XzZmZWI4ZTcwLTdkYWMtNGUyMC1iMTBkLWFiYTdmOTllODczNS5wbmc.webp 800w, https:\/\/img.perfectwiki.xyz\/insecure\/resize:fit:1200\/aHR0cHM6Ly9zdG9yYWdlLmdvb2dsZWFwaXMuY29tL3BlcmZlY3Rfd2lraS9jMThmZTZmNy03MTRiLTQxMzItYmI1NC0zNTY0ODc3NWVkMGMvNWhqMGlFVlkzaUtwbDRKQ1RhTGsvJUQwJUI4JUQwJUI3JUQwJUJFJUQwJUIxJUQxJTgwJUQwJUIwJUQwJUI2JUQwJUI1JUQwJUJEJUQwJUI4JUQwJUI1XzZmZWI4ZTcwLTdkYWMtNGUyMC1iMTBkLWFiYTdmOTllODczNS5wbmc.webp 1200w, https:\/\/img.perfectwiki.xyz\/insecure\/aHR0cHM6Ly9zdG9yYWdlLmdvb2dsZWFwaXMuY29tL3BlcmZlY3Rfd2lraS9jMThmZTZmNy03MTRiLTQxMzItYmI1NC0zNTY0ODc3NWVkMGMvNWhqMGlFVlkzaUtwbDRKQ1RhTGsvJUQwJUI4JUQwJUI3JUQwJUJFJUQwJUIxJUQxJTgwJUQwJUIwJUQwJUI2JUQwJUI1JUQwJUJEJUQwJUI4JUQwJUI1XzZmZWI4ZTcwLTdkYWMtNGUyMC1iMTBkLWFiYTdmOTllODczNS5wbmc.webp 1400w\" alt=\"rie\u0161enia \/ 8 Drive-through  \" width=\"325\" height=\"217\"><\/p>\n<p><strong>Bezdotykov\u00e9 objedn\u00e1vkov\u00e9 panely<\/strong><br \/>Umo\u017e\u0148uj\u00fa z\u00e1kazn\u00edkom zad\u00e1va\u0165 objedn\u00e1vky prostredn\u00edctvom dotykovej obrazovky alebo hlasu s pr\u00edvetiv\u00fdm pou\u017e\u00edvate\u013esk\u00fdm rozhran\u00edm &#8211; dokonca aj z auta.<\/p>\n<p><strong>Integrovan\u00fd pracovn\u00fd postup v pokladni a kuchyni<\/strong><br \/>Objedn\u00e1vky sa okam\u017eite objavia vo fronte v kuchyni. \u017diadne opakovan\u00e9 p\u00edsanie. \u017diadne oneskorenia.  <\/p>\n<p><strong>R\u00fdchle a flexibiln\u00e9 platby<\/strong><br \/>Prij\u00edmajte platby kartou, \u0165uknut\u00edm, QR alebo mobilnou pe\u0148a\u017eenkou &#8211; priamo pri okienku.<\/p>\n<p><strong>Okam\u017eit\u00e9 potvrdenky a vyvolanie objedn\u00e1vky<\/strong><br \/>R\u00fdchla tla\u010d, automatick\u00e9 vyvolanie predch\u00e1dzaj\u00facich objedn\u00e1vok a \u00fapln\u00fd preh\u013ead o z\u00e1kazn\u00edkoch.<\/p>\n<p><strong>N\u00e1stroje na riadenie frontu<\/strong><br \/>Sledujte po\u010det vozidiel, \u010das \u010dakania a optimalizujte tok pomocou \u017eiv\u00fdch \u00fadajov.<\/p>\n<h3 id=\"Why-It-Works-2\"><strong>Pre\u010do to funguje<\/strong><\/h3>\n<p><img decoding=\"async\" style=\"margin: 8px 8px 0px;\" src=\"https:\/\/img.perfectwiki.xyz\/insecure\/resize:fit:400\/aHR0cHM6Ly9zdG9yYWdlLmdvb2dsZWFwaXMuY29tL3BlcmZlY3Rfd2lraS9jMThmZTZmNy03MTRiLTQxMzItYmI1NC0zNTY0ODc3NWVkMGMvNWhqMGlFVlkzaUtwbDRKQ1RhTGsvJUQwJUI4JUQwJUI3JUQwJUJFJUQwJUIxJUQxJTgwJUQwJUIwJUQwJUI2JUQwJUI1JUQwJUJEJUQwJUI4JUQwJUI1XzkwMjgyODY5LTAwNWUtNDY4OC04MmU3LWIwM2ZkMGRmYjA4ZC5wbmc.webp\" sizes=\"100vw\" srcset=\"https:\/\/img.perfectwiki.xyz\/insecure\/resize:fit:400\/aHR0cHM6Ly9zdG9yYWdlLmdvb2dsZWFwaXMuY29tL3BlcmZlY3Rfd2lraS9jMThmZTZmNy03MTRiLTQxMzItYmI1NC0zNTY0ODc3NWVkMGMvNWhqMGlFVlkzaUtwbDRKQ1RhTGsvJUQwJUI4JUQwJUI3JUQwJUJFJUQwJUIxJUQxJTgwJUQwJUIwJUQwJUI2JUQwJUI1JUQwJUJEJUQwJUI4JUQwJUI1XzkwMjgyODY5LTAwNWUtNDY4OC04MmU3LWIwM2ZkMGRmYjA4ZC5wbmc.webp 400w, https:\/\/img.perfectwiki.xyz\/insecure\/resize:fit:800\/aHR0cHM6Ly9zdG9yYWdlLmdvb2dsZWFwaXMuY29tL3BlcmZlY3Rfd2lraS9jMThmZTZmNy03MTRiLTQxMzItYmI1NC0zNTY0ODc3NWVkMGMvNWhqMGlFVlkzaUtwbDRKQ1RhTGsvJUQwJUI4JUQwJUI3JUQwJUJFJUQwJUIxJUQxJTgwJUQwJUIwJUQwJUI2JUQwJUI1JUQwJUJEJUQwJUI4JUQwJUI1XzkwMjgyODY5LTAwNWUtNDY4OC04MmU3LWIwM2ZkMGRmYjA4ZC5wbmc.webp 800w, https:\/\/img.perfectwiki.xyz\/insecure\/resize:fit:1200\/aHR0cHM6Ly9zdG9yYWdlLmdvb2dsZWFwaXMuY29tL3BlcmZlY3Rfd2lraS9jMThmZTZmNy03MTRiLTQxMzItYmI1NC0zNTY0ODc3NWVkMGMvNWhqMGlFVlkzaUtwbDRKQ1RhTGsvJUQwJUI4JUQwJUI3JUQwJUJFJUQwJUIxJUQxJTgwJUQwJUIwJUQwJUI2JUQwJUI1JUQwJUJEJUQwJUI4JUQwJUI1XzkwMjgyODY5LTAwNWUtNDY4OC04MmU3LWIwM2ZkMGRmYjA4ZC5wbmc.webp 1200w, https:\/\/img.perfectwiki.xyz\/insecure\/aHR0cHM6Ly9zdG9yYWdlLmdvb2dsZWFwaXMuY29tL3BlcmZlY3Rfd2lraS9jMThmZTZmNy03MTRiLTQxMzItYmI1NC0zNTY0ODc3NWVkMGMvNWhqMGlFVlkzaUtwbDRKQ1RhTGsvJUQwJUI4JUQwJUI3JUQwJUJFJUQwJUIxJUQxJTgwJUQwJUIwJUQwJUI2JUQwJUI1JUQwJUJEJUQwJUI4JUQwJUI1XzkwMjgyODY5LTAwNWUtNDY4OC04MmU3LWIwM2ZkMGRmYjA4ZC5wbmc.webp 1400w\" alt=\"rie\u0161enia \/ 8 Drive-through  \" width=\"417\" height=\"278\"><\/p>\n<p><strong>Obsl\u00fa\u017ete viac z\u00e1kazn\u00edkov za krat\u0161\u00ed \u010das<\/strong><br \/>R\u00fdchlej\u0161ie zad\u00e1vanie objedn\u00e1vok a spracovanie v kuchyni znamen\u00e1 krat\u0161ie rady a vy\u0161\u0161iu priepustnos\u0165.<\/p>\n<p><strong>Menej ch\u00fdb = spokojnej\u0161\u00ed hostia<\/strong><br \/>Integrovan\u00e9 objedn\u00e1vanie minimalizuje chybn\u00fa komunik\u00e1ciu &#8211; objedn\u00e1vky s\u00fa v\u017edy presn\u00e9.<\/p>\n<p><strong>Monitorovanie v re\u00e1lnom \u010dase<\/strong><br \/>Z\u00edskajte \u017eiv\u00e9 \u00fadaje o priemern\u00fdch \u010dasoch \u010dakania, v\u00fdpadkoch a hodin\u00e1ch \u0161pi\u010dkov\u00e9ho v\u00fdkonu.<\/p>\n<p><strong>Profesion\u00e1lny z\u00e1\u017eitok<\/strong><br \/>Poskytnite hos\u0165om z\u00e1\u017eitok, ktor\u00fd o\u010dak\u00e1vaj\u00fa od modern\u00fdch zna\u010diek QSR &#8211; r\u00fdchly, plynul\u00fd a technicky vyspel\u00fd.<\/p>\n<p><img decoding=\"async\" src=\"https:\/\/img.perfectwiki.xyz\/insecure\/resize:fit:400\/aHR0cHM6Ly9zdG9yYWdlLmdvb2dsZWFwaXMuY29tL3BlcmZlY3Rfd2lraS9jMThmZTZmNy03MTRiLTQxMzItYmI1NC0zNTY0ODc3NWVkMGMvNWhqMGlFVlkzaUtwbDRKQ1RhTGsvJUQwJUI4JUQwJUI3JUQwJUJFJUQwJUIxJUQxJTgwJUQwJUIwJUQwJUI2JUQwJUI1JUQwJUJEJUQwJUI4JUQwJUI1Xzc0ZjZlZDk0LTIwZjUtNGYwNS1iOTI5LWEzZGM3ZDExYWRhMC5wbmc.webp\" sizes=\"100vw\" srcset=\"https:\/\/img.perfectwiki.xyz\/insecure\/resize:fit:400\/aHR0cHM6Ly9zdG9yYWdlLmdvb2dsZWFwaXMuY29tL3BlcmZlY3Rfd2lraS9jMThmZTZmNy03MTRiLTQxMzItYmI1NC0zNTY0ODc3NWVkMGMvNWhqMGlFVlkzaUtwbDRKQ1RhTGsvJUQwJUI4JUQwJUI3JUQwJUJFJUQwJUIxJUQxJTgwJUQwJUIwJUQwJUI2JUQwJUI1JUQwJUJEJUQwJUI4JUQwJUI1Xzc0ZjZlZDk0LTIwZjUtNGYwNS1iOTI5LWEzZGM3ZDExYWRhMC5wbmc.webp 400w, https:\/\/img.perfectwiki.xyz\/insecure\/resize:fit:800\/aHR0cHM6Ly9zdG9yYWdlLmdvb2dsZWFwaXMuY29tL3BlcmZlY3Rfd2lraS9jMThmZTZmNy03MTRiLTQxMzItYmI1NC0zNTY0ODc3NWVkMGMvNWhqMGlFVlkzaUtwbDRKQ1RhTGsvJUQwJUI4JUQwJUI3JUQwJUJFJUQwJUIxJUQxJTgwJUQwJUIwJUQwJUI2JUQwJUI1JUQwJUJEJUQwJUI4JUQwJUI1Xzc0ZjZlZDk0LTIwZjUtNGYwNS1iOTI5LWEzZGM3ZDExYWRhMC5wbmc.webp 800w, https:\/\/img.perfectwiki.xyz\/insecure\/resize:fit:1200\/aHR0cHM6Ly9zdG9yYWdlLmdvb2dsZWFwaXMuY29tL3BlcmZlY3Rfd2lraS9jMThmZTZmNy03MTRiLTQxMzItYmI1NC0zNTY0ODc3NWVkMGMvNWhqMGlFVlkzaUtwbDRKQ1RhTGsvJUQwJUI4JUQwJUI3JUQwJUJFJUQwJUIxJUQxJTgwJUQwJUIwJUQwJUI2JUQwJUI1JUQwJUJEJUQwJUI4JUQwJUI1Xzc0ZjZlZDk0LTIwZjUtNGYwNS1iOTI5LWEzZGM3ZDExYWRhMC5wbmc.webp 1200w, https:\/\/img.perfectwiki.xyz\/insecure\/aHR0cHM6Ly9zdG9yYWdlLmdvb2dsZWFwaXMuY29tL3BlcmZlY3Rfd2lraS9jMThmZTZmNy03MTRiLTQxMzItYmI1NC0zNTY0ODc3NWVkMGMvNWhqMGlFVlkzaUtwbDRKQ1RhTGsvJUQwJUI4JUQwJUI3JUQwJUJFJUQwJUIxJUQxJTgwJUQwJUIwJUQwJUI2JUQwJUI1JUQwJUJEJUQwJUI4JUQwJUI1Xzc0ZjZlZDk0LTIwZjUtNGYwNS1iOTI5LWEzZGM3ZDExYWRhMC5wbmc.webp 1400w\" alt=\"rie\u0161enia \/ 8 Drive-through  \" width=\"232\" height=\"349\"><\/p>\n<h3 id=\"Drive-Through-for-Every-Scale-2\"><strong>Drive-Through pre ka\u017ed\u00fa \u0161k\u00e1lu<\/strong><\/h3>\n<ul>\n<li><strong>Fast Food &amp; QSR<\/strong>: Zvl\u00e1dnite obed\u0148aj\u0161iu \u0161pi\u010dku ako profesion\u00e1l<\/li>\n<li><strong>K\u00e1vov\u00e9 re\u0165azce<\/strong>: Udr\u017eujte svoju rann\u00fa linku v pohybe<\/li>\n<li><strong>Re\u0161taur\u00e1cie s don\u00e1\u0161kou<\/strong>: Zvl\u00e1dnite viac odberov bez chaosu<\/li>\n<li><strong>Dia\u013eni\u010dn\u00e9 lokality<\/strong>: Obsluhujte cestuj\u00facich na cest\u00e1ch &#8211; bez spomalenia<\/li>\n<\/ul>\n<h2 id=\"Turn-Your-Parking-Lot-Into-a-Profit-Machine-1\"><strong>Preme\u0148te svoje parkovisko na stroj na dosahovanie zisku<\/strong><\/h2>\n<p>So spr\u00e1vnymi n\u00e1strojmi sa drive-through st\u00e1va viac ne\u017e len pohodl\u00edm &#8211; st\u00e1va sa va\u0161\u00edm najv\u00e4\u010d\u0161\u00edm predajn\u00fdm kan\u00e1lom.<\/p>\n<p>\t\t\t\t\t<a href=\"https:\/\/rkeeper.us\/?page_id=256\"><br \/>\n\t\t\t\t\t\t\t\t\tKontaktujte n\u00e1s<br \/>\n\t\t\t\t\t<\/a><\/p>\n","protected":false},"excerpt":{"rendered":"<p>Drive-through Drive-Through: Zr\u00fdchlite, obsluhujte viac, \u010dasto sa usmievajte R\u00fdchlo. Bez trenia. Plne integrovan\u00fd. Modern\u00fd drive-through nie je len okienko a reproduktor.Je to dobre namazan\u00fd syst\u00e9m, ktor\u00fd v priebehu nieko\u013ek\u00fdch sek\u00fand prepoj\u00ed va\u0161e menu, kuchy\u0148u, platbu a z\u00e1kazn\u00edka.Na\u0161e rie\u0161enie Drive-Through Solution v\u00e1m poskytne v\u0161etko, \u010do potrebujete, aby ste obsl\u00fa\u017eili viac \u00e1ut, r\u00fdchlej\u0161ie a s men\u0161\u00edm po\u010dtom [&hellip;]<\/p>\n","protected":false},"author":1,"featured_media":0,"parent":0,"menu_order":0,"comment_status":"closed","ping_status":"closed","template":"","meta":{"footnotes":""},"class_list":["post-2482","page","type-page","status-publish","hentry"],"_links":{"self":[{"href":"https:\/\/ucsrkeeper.sk\/index.php?rest_route=\/wp\/v2\/pages\/2482","targetHints":{"allow":["GET"]}}],"collection":[{"href":"https:\/\/ucsrkeeper.sk\/index.php?rest_route=\/wp\/v2\/pages"}],"about":[{"href":"https:\/\/ucsrkeeper.sk\/index.php?rest_route=\/wp\/v2\/types\/page"}],"author":[{"embeddable":true,"href":"https:\/\/ucsrkeeper.sk\/index.php?rest_route=\/wp\/v2\/users\/1"}],"replies":[{"embeddable":true,"href":"https:\/\/ucsrkeeper.sk\/index.php?rest_route=%2Fwp%2Fv2%2Fcomments&post=2482"}],"version-history":[{"count":5,"href":"https:\/\/ucsrkeeper.sk\/index.php?rest_route=\/wp\/v2\/pages\/2482\/revisions"}],"predecessor-version":[{"id":3625,"href":"https:\/\/ucsrkeeper.sk\/index.php?rest_route=\/wp\/v2\/pages\/2482\/revisions\/3625"}],"wp:attachment":[{"href":"https:\/\/ucsrkeeper.sk\/index.php?rest_route=%2Fwp%2Fv2%2Fmedia&parent=2482"}],"curies":[{"name":"wp","href":"https:\/\/api.w.org\/{rel}","templated":true}]}}