{"id":2526,"date":"2025-07-14T15:28:58","date_gmt":"2025-07-14T12:28:58","guid":{"rendered":"https:\/\/rkeeper.us\/?page_id=2526"},"modified":"2025-07-22T12:09:48","modified_gmt":"2025-07-22T09:09:48","slug":"pos-pokladna","status":"publish","type":"page","link":"https:\/\/ucsrkeeper.sk\/?page_id=2526","title":{"rendered":"POS\/poklad\u0148a"},"content":{"rendered":"\t\t<div data-elementor-type=\"wp-page\" data-elementor-id=\"2526\" class=\"elementor elementor-2526 elementor-2181\" data-elementor-post-type=\"page\">\n\t\t\t\t<div class=\"elementor-element elementor-element-520b5700 e-flex e-con-boxed e-con e-parent\" data-id=\"520b5700\" data-element_type=\"container\" data-e-type=\"container\">\n\t\t\t\t\t<div class=\"e-con-inner\">\n\t\t\t\t<div class=\"elementor-element elementor-element-6e322089 elementor-widget elementor-widget-heading\" data-id=\"6e322089\" data-element_type=\"widget\" data-e-type=\"widget\" data-widget_type=\"heading.default\">\n\t\t\t\t<div class=\"elementor-widget-container\">\n\t\t\t\t\t<h3 class=\"elementor-heading-title elementor-size-default\">POS\/poklad\u0148a<\/h3>\t\t\t\t<\/div>\n\t\t\t\t<\/div>\n\t\t\t\t<div class=\"elementor-element elementor-element-120f9b88 elementor-widget elementor-widget-text-editor\" data-id=\"120f9b88\" data-element_type=\"widget\" data-e-type=\"widget\" data-widget_type=\"text-editor.default\">\n\t\t\t\t<div class=\"elementor-widget-container\">\n\t\t\t\t\t\t\t\t\t<h2 id=\"POS-and-Cashdesk:-Power-at-Your-Fingertips-1\"><strong>POS a poklad\u0148a: V\u00fdkon na dosah ruky<\/strong><\/h2><h3 id=\"Smart-Intuitive-and-Built-for-Busy-Service-2\">Inteligentn\u00e9, intuit\u00edvne a vytvoren\u00e9 pre n\u00e1ro\u010dn\u00e9 slu\u017eby<\/h3><p>\u010ci u\u017e prev\u00e1dzkujete r\u00fdchly podnik QSR, \u00fatuln\u00fa kaviare\u0148 alebo re\u0161taur\u00e1ciu s viacer\u00fdmi prev\u00e1dzkami, na\u0161e rie\u0161enie <strong>POS a pokladnice<\/strong> je va\u0161\u00edm riadiacim centrom pre v\u0161etko. Zr\u00fdchlite obsluhu, zn\u00ed\u017ete po\u010det ch\u00fdb, spravujte person\u00e1l a z\u00e1soby a pote\u0161te svojich host\u00ed &#8211; to v\u0161etko z jedn\u00e9ho elegantn\u00e9ho rozhrania. <\/p><p>Navrhnut\u00e9 na v\u00fdkon. Vyroben\u00e9 pre ve\u013ekos\u0165. Ob\u013e\u00faben\u00e9 zamestnancami.  <\/p><hr><h3 id=\"Why-Our-POS-System-2\"><strong>Pre\u010do pr\u00e1ve n\u00e1\u0161 pokladni\u010dn\u00fd syst\u00e9m?<\/strong><\/h3><p><img fetchpriority=\"high\" decoding=\"async\" class=\"alignright\" style=\"margin: 8px 8px 0px;\" src=\"https:\/\/img.perfectwiki.xyz\/insecure\/resize:fit:400\/aHR0cHM6Ly9zdG9yYWdlLmdvb2dsZWFwaXMuY29tL3BlcmZlY3Rfd2lraS9jMThmZTZmNy03MTRiLTQxMzItYmI1NC0zNTY0ODc3NWVkMGMvSmhLQW04VFpVUlJLSHhOZ0RUUmwvJUQwJUI4JUQwJUI3JUQwJUJFJUQwJUIxJUQxJTgwJUQwJUIwJUQwJUI2JUQwJUI1JUQwJUJEJUQwJUI4JUQwJUI1X2UzOWYyNWMyLWZmNDgtNGMyYy1iMjE3LTQ1Y2Q2ZTYyN2ExNS5wbmc.webp\" sizes=\"100vw\" srcset=\"https:\/\/img.perfectwiki.xyz\/insecure\/resize:fit:400\/aHR0cHM6Ly9zdG9yYWdlLmdvb2dsZWFwaXMuY29tL3BlcmZlY3Rfd2lraS9jMThmZTZmNy03MTRiLTQxMzItYmI1NC0zNTY0ODc3NWVkMGMvSmhLQW04VFpVUlJLSHhOZ0RUUmwvJUQwJUI4JUQwJUI3JUQwJUJFJUQwJUIxJUQxJTgwJUQwJUIwJUQwJUI2JUQwJUI1JUQwJUJEJUQwJUI4JUQwJUI1X2UzOWYyNWMyLWZmNDgtNGMyYy1iMjE3LTQ1Y2Q2ZTYyN2ExNS5wbmc.webp 400w, https:\/\/img.perfectwiki.xyz\/insecure\/resize:fit:800\/aHR0cHM6Ly9zdG9yYWdlLmdvb2dsZWFwaXMuY29tL3BlcmZlY3Rfd2lraS9jMThmZTZmNy03MTRiLTQxMzItYmI1NC0zNTY0ODc3NWVkMGMvSmhLQW04VFpVUlJLSHhOZ0RUUmwvJUQwJUI4JUQwJUI3JUQwJUJFJUQwJUIxJUQxJTgwJUQwJUIwJUQwJUI2JUQwJUI1JUQwJUJEJUQwJUI4JUQwJUI1X2UzOWYyNWMyLWZmNDgtNGMyYy1iMjE3LTQ1Y2Q2ZTYyN2ExNS5wbmc.webp 800w, https:\/\/img.perfectwiki.xyz\/insecure\/resize:fit:1200\/aHR0cHM6Ly9zdG9yYWdlLmdvb2dsZWFwaXMuY29tL3BlcmZlY3Rfd2lraS9jMThmZTZmNy03MTRiLTQxMzItYmI1NC0zNTY0ODc3NWVkMGMvSmhLQW04VFpVUlJLSHhOZ0RUUmwvJUQwJUI4JUQwJUI3JUQwJUJFJUQwJUIxJUQxJTgwJUQwJUIwJUQwJUI2JUQwJUI1JUQwJUJEJUQwJUI4JUQwJUI1X2UzOWYyNWMyLWZmNDgtNGMyYy1iMjE3LTQ1Y2Q2ZTYyN2ExNS5wbmc.webp 1200w, https:\/\/img.perfectwiki.xyz\/insecure\/aHR0cHM6Ly9zdG9yYWdlLmdvb2dsZWFwaXMuY29tL3BlcmZlY3Rfd2lraS9jMThmZTZmNy03MTRiLTQxMzItYmI1NC0zNTY0ODc3NWVkMGMvSmhLQW04VFpVUlJLSHhOZ0RUUmwvJUQwJUI4JUQwJUI3JUQwJUJFJUQwJUIxJUQxJTgwJUQwJUIwJUQwJUI2JUQwJUI1JUQwJUJEJUQwJUI4JUQwJUI1X2UzOWYyNWMyLWZmNDgtNGMyYy1iMjE3LTQ1Y2Q2ZTYyN2ExNS5wbmc.webp 1400w\" alt=\"produkty \/ 3 POS\/poklad\u0148a\" width=\"331\" height=\"220\"><\/p><p><strong>Bleskov\u00e9 transakcie<\/strong><br>Bez oneskorenia. \u017diadne \u010dakanie. Prij\u00edmajte objedn\u00e1vky, rozde\u013eujte \u00fa\u010dty a tla\u010dte \u00fa\u010dtenky v priebehu nieko\u013ek\u00fdch sek\u00fand &#8211; aj v \u010dase \u0161pi\u010dky.  <\/p><p><strong>Pou\u017e\u00edvate\u013esky pr\u00edvetiv\u00e9 rozhranie<\/strong><br>\u017diadne strm\u00e9 u\u010denie. Va\u0161i zamestnanci si zamiluj\u00fa, ako jednoducho sa pou\u017e\u00edva &#8211; od prv\u00e9ho d\u0148a. <\/p><p><strong>Synchroniz\u00e1cia v re\u00e1lnom \u010dase<\/strong><br>Objedn\u00e1vky z kioskov, aplik\u00e1ci\u00ed a webu? V\u0161etko synchronizovan\u00e9 s va\u0161ou poklad\u0148ou v re\u00e1lnom \u010dase. \u017diadne dvojit\u00e9 spracovanie, \u017eiadne chyby.  <\/p><p><strong>Zabezpe\u010den\u00e9 platby<\/strong><br>Prij\u00edmajte karty, mobiln\u00e9 platby, QR alebo hotovos\u0165 &#8211; v\u0161etko plne integrovan\u00e9 so \u0161pi\u010dkov\u00fdmi poskytovate\u013emi platieb.<\/p><p> <strong>\u00dapln\u00e1 kontrola a analytika<\/strong><br>Sledujte predaj, v\u00fdkonnos\u0165 zamestnancov, najvy\u0165a\u017eenej\u0161ie hodiny, najpred\u00e1vanej\u0161ie produkty &#8211; to v\u0161etko na va\u0161om ovl\u00e1dacom paneli.<\/p><hr><h3 id=\"Key-Features-2\"><strong>K\u013e\u00fa\u010dov\u00e9 vlastnosti<\/strong><\/h3><p><strong><img decoding=\"async\" class=\"alignleft\" style=\"font-weight: 400;\" src=\"https:\/\/img.perfectwiki.xyz\/insecure\/resize:fit:400\/aHR0cHM6Ly9zdG9yYWdlLmdvb2dsZWFwaXMuY29tL3BlcmZlY3Rfd2lraS9jMThmZTZmNy03MTRiLTQxMzItYmI1NC0zNTY0ODc3NWVkMGMvSmhLQW04VFpVUlJLSHhOZ0RUUmwvJUQwJUI4JUQwJUI3JUQwJUJFJUQwJUIxJUQxJTgwJUQwJUIwJUQwJUI2JUQwJUI1JUQwJUJEJUQwJUI4JUQwJUI1X2E2MDI4ZGFmLTkwY2MtNDZiOC1hNDkyLWYwMzA5YTcyNGJhZC5wbmc.webp\" sizes=\"100vw\" srcset=\"https:\/\/img.perfectwiki.xyz\/insecure\/resize:fit:400\/aHR0cHM6Ly9zdG9yYWdlLmdvb2dsZWFwaXMuY29tL3BlcmZlY3Rfd2lraS9jMThmZTZmNy03MTRiLTQxMzItYmI1NC0zNTY0ODc3NWVkMGMvSmhLQW04VFpVUlJLSHhOZ0RUUmwvJUQwJUI4JUQwJUI3JUQwJUJFJUQwJUIxJUQxJTgwJUQwJUIwJUQwJUI2JUQwJUI1JUQwJUJEJUQwJUI4JUQwJUI1X2E2MDI4ZGFmLTkwY2MtNDZiOC1hNDkyLWYwMzA5YTcyNGJhZC5wbmc.webp 400w, https:\/\/img.perfectwiki.xyz\/insecure\/resize:fit:800\/aHR0cHM6Ly9zdG9yYWdlLmdvb2dsZWFwaXMuY29tL3BlcmZlY3Rfd2lraS9jMThmZTZmNy03MTRiLTQxMzItYmI1NC0zNTY0ODc3NWVkMGMvSmhLQW04VFpVUlJLSHhOZ0RUUmwvJUQwJUI4JUQwJUI3JUQwJUJFJUQwJUIxJUQxJTgwJUQwJUIwJUQwJUI2JUQwJUI1JUQwJUJEJUQwJUI4JUQwJUI1X2E2MDI4ZGFmLTkwY2MtNDZiOC1hNDkyLWYwMzA5YTcyNGJhZC5wbmc.webp 800w, https:\/\/img.perfectwiki.xyz\/insecure\/resize:fit:1200\/aHR0cHM6Ly9zdG9yYWdlLmdvb2dsZWFwaXMuY29tL3BlcmZlY3Rfd2lraS9jMThmZTZmNy03MTRiLTQxMzItYmI1NC0zNTY0ODc3NWVkMGMvSmhLQW04VFpVUlJLSHhOZ0RUUmwvJUQwJUI4JUQwJUI3JUQwJUJFJUQwJUIxJUQxJTgwJUQwJUIwJUQwJUI2JUQwJUI1JUQwJUJEJUQwJUI4JUQwJUI1X2E2MDI4ZGFmLTkwY2MtNDZiOC1hNDkyLWYwMzA5YTcyNGJhZC5wbmc.webp 1200w, https:\/\/img.perfectwiki.xyz\/insecure\/aHR0cHM6Ly9zdG9yYWdlLmdvb2dsZWFwaXMuY29tL3BlcmZlY3Rfd2lraS9jMThmZTZmNy03MTRiLTQxMzItYmI1NC0zNTY0ODc3NWVkMGMvSmhLQW04VFpVUlJLSHhOZ0RUUmwvJUQwJUI4JUQwJUI3JUQwJUJFJUQwJUIxJUQxJTgwJUQwJUIwJUQwJUI2JUQwJUI1JUQwJUJEJUQwJUI4JUQwJUI1X2E2MDI4ZGFmLTkwY2MtNDZiOC1hNDkyLWYwMzA5YTcyNGJhZC5wbmc.webp 1400w\" alt=\"produkty \/ 3 POS\/poklad\u0148a\" width=\"359\" height=\"239\">Mo\u017enosti viacer\u00fdch zariaden\u00ed<\/strong>: Pou\u017e\u00edvajte ako stacion\u00e1rny termin\u00e1l alebo ru\u010dn\u00fd tablet &#8211; alebo oboje.<\/p><p><strong>Jednoduch\u00e1 spr\u00e1va menu<\/strong>: Upravujte polo\u017eky, ceny a propaga\u010dn\u00e9 akcie za chodu.<\/p><p><strong>Vlastn\u00e9 opr\u00e1vnenia<\/strong>: Nastavte \u00farovne pr\u00edstupu pre zamestnancov. Zabezpe\u010dte prev\u00e1dzku. <\/p><p><strong>Re\u017eim offline<\/strong>: Pokra\u010dujte v predaji, aj ke\u010f je internet vypnut\u00fd.<\/p><p><strong>Z\u00e1kazn\u00edcke obrazovky<\/strong>: Zobrazte hos\u0165om podrobnosti o objedn\u00e1vke a n\u00e1vrhy na zv\u00fd\u0161enie predaja v re\u00e1lnom \u010dase.<\/p><p><strong>Okam\u017eit\u00e9 z\u013eavy a vernostn\u00e1 integr\u00e1cia<\/strong>: Aplikujte priamo propaga\u010dn\u00e9 k\u00f3dy a programy odme\u0148ovania.<\/p><hr><h3 id=\"For-Every-Venue-Every-Style-2\"><strong>Pre ka\u017ed\u00e9 miesto, ka\u017ed\u00fd \u0161t\u00fdl<\/strong><\/h3><p><strong>Pizzerie a r\u00fdchle ob\u010derstvenie<\/strong>: r\u00fdchlos\u0165 a presnos\u0165 po\u010das \u0161pi\u010dky.<br><strong>Kav<\/strong>iarne<strong>a kaviarne<\/strong>: <br><strong> Re\u0161taur\u00e1cie s kompletn\u00fdm servisom:<\/strong> Mapovanie stolov, tipy, manipul\u00e1cia s viacer\u00fdmi pou\u017e\u00edvate\u013emi.<\/p><hr><h3 id=\"What-You-Get-2\"><strong>\u010co dostanete<\/strong><\/h3><p>\u2714\ufe0f R\u00fdchlej\u0161ie pokladni\u010dn\u00e9 \u010dasy<br>\u2714\ufe0f Menej ch\u00fdb person\u00e1lu<br>\u2714\ufe0f Lep\u0161ie vykazovanie<br>\u2714\ufe0f Spokojnej\u0161\u00ed z\u00e1kazn\u00edci<br>\u2714\ufe0f Centralizovan\u00e1 spr\u00e1va pre viacero prev\u00e1dzok<\/p><p>Zv\u00fd\u0161te svoj predaj. Zjednodu\u0161te si pracovn\u00fd de\u0148. Roste s istotou.  <\/p><hr><p><strong>Nech sa po\u010d\u00edta ka\u017ed\u00e9 \u0165uknutie.<\/strong><br>Vylep\u0161ite svoje pokladni\u010dn\u00e9 slu\u017eby pokladni\u010dn\u00fdm syst\u00e9mom, ktor\u00fd pracuje rovnako tvrdo ako vy.<\/p>\t\t\t\t\t\t\t\t<\/div>\n\t\t\t\t<\/div>\n\t\t\t\t<div class=\"elementor-element elementor-element-59aa025f elementor-align-center elementor-mobile-align-center elementor-widget elementor-widget-button\" data-id=\"59aa025f\" data-element_type=\"widget\" data-e-type=\"widget\" data-widget_type=\"button.default\">\n\t\t\t\t<div class=\"elementor-widget-container\">\n\t\t\t\t\t\t\t\t\t<div class=\"elementor-button-wrapper\">\n\t\t\t\t\t<a class=\"elementor-button elementor-button-link elementor-size-sm\" href=\"https:\/\/rkeeper.us\/?page_id=256\">\n\t\t\t\t\t\t<span class=\"elementor-button-content-wrapper\">\n\t\t\t\t\t\t\t\t\t<span class=\"elementor-button-text\">Kontaktujte n\u00e1s<\/span>\n\t\t\t\t\t<\/span>\n\t\t\t\t\t<\/a>\n\t\t\t\t<\/div>\n\t\t\t\t\t\t\t\t<\/div>\n\t\t\t\t<\/div>\n\t\t\t\t\t<\/div>\n\t\t\t\t<\/div>\n\t\t\t\t<\/div>\n\t\t","protected":false},"excerpt":{"rendered":"<p>POS\/poklad\u0148a POS a poklad\u0148a: V\u00fdkon na dosah ruky Inteligentn\u00e9, intuit\u00edvne a vytvoren\u00e9 pre n\u00e1ro\u010dn\u00e9 slu\u017eby \u010ci u\u017e prev\u00e1dzkujete r\u00fdchly podnik QSR, \u00fatuln\u00fa kaviare\u0148 alebo re\u0161taur\u00e1ciu s viacer\u00fdmi prev\u00e1dzkami, na\u0161e rie\u0161enie POS a pokladnice je va\u0161\u00edm riadiacim centrom pre v\u0161etko. Zr\u00fdchlite obsluhu, zn\u00ed\u017ete po\u010det ch\u00fdb, spravujte person\u00e1l a z\u00e1soby a pote\u0161te svojich host\u00ed &#8211; to v\u0161etko [&hellip;]<\/p>\n","protected":false},"author":1,"featured_media":0,"parent":0,"menu_order":0,"comment_status":"closed","ping_status":"closed","template":"","meta":{"footnotes":""},"class_list":["post-2526","page","type-page","status-publish","hentry"],"_links":{"self":[{"href":"https:\/\/ucsrkeeper.sk\/index.php?rest_route=\/wp\/v2\/pages\/2526","targetHints":{"allow":["GET"]}}],"collection":[{"href":"https:\/\/ucsrkeeper.sk\/index.php?rest_route=\/wp\/v2\/pages"}],"about":[{"href":"https:\/\/ucsrkeeper.sk\/index.php?rest_route=\/wp\/v2\/types\/page"}],"author":[{"embeddable":true,"href":"https:\/\/ucsrkeeper.sk\/index.php?rest_route=\/wp\/v2\/users\/1"}],"replies":[{"embeddable":true,"href":"https:\/\/ucsrkeeper.sk\/index.php?rest_route=%2Fwp%2Fv2%2Fcomments&post=2526"}],"version-history":[{"count":5,"href":"https:\/\/ucsrkeeper.sk\/index.php?rest_route=\/wp\/v2\/pages\/2526\/revisions"}],"predecessor-version":[{"id":3718,"href":"https:\/\/ucsrkeeper.sk\/index.php?rest_route=\/wp\/v2\/pages\/2526\/revisions\/3718"}],"wp:attachment":[{"href":"https:\/\/ucsrkeeper.sk\/index.php?rest_route=%2Fwp%2Fv2%2Fmedia&parent=2526"}],"curies":[{"name":"wp","href":"https:\/\/api.w.org\/{rel}","templated":true}]}}