{"id":2586,"date":"2025-07-14T15:56:20","date_gmt":"2025-07-14T12:56:20","guid":{"rendered":"https:\/\/rkeeper.us\/?page_id=2586"},"modified":"2025-07-22T12:03:39","modified_gmt":"2025-07-22T09:03:39","slug":"viackanalovy-predaj","status":"publish","type":"page","link":"https:\/\/ucsrkeeper.sk\/?page_id=2586","title":{"rendered":"Viackan\u00e1lov\u00fd predaj"},"content":{"rendered":"\t\t<div data-elementor-type=\"wp-page\" data-elementor-id=\"2586\" class=\"elementor elementor-2586 elementor-2231\" data-elementor-post-type=\"page\">\n\t\t\t\t<div class=\"elementor-element elementor-element-6ea3bb29 e-flex e-con-boxed e-con e-parent\" data-id=\"6ea3bb29\" data-element_type=\"container\" data-e-type=\"container\">\n\t\t\t\t\t<div class=\"e-con-inner\">\n\t\t\t\t<div class=\"elementor-element elementor-element-bc47fca elementor-widget elementor-widget-heading\" data-id=\"bc47fca\" data-element_type=\"widget\" data-e-type=\"widget\" data-widget_type=\"heading.default\">\n\t\t\t\t<div class=\"elementor-widget-container\">\n\t\t\t\t\t<h3 class=\"elementor-heading-title elementor-size-default\">Viackan\u00e1lov\u00fd predaj<\/h3>\t\t\t\t<\/div>\n\t\t\t\t<\/div>\n\t\t\t\t<div class=\"elementor-element elementor-element-4e941143 elementor-widget elementor-widget-text-editor\" data-id=\"4e941143\" data-element_type=\"widget\" data-e-type=\"widget\" data-widget_type=\"text-editor.default\">\n\t\t\t\t<div class=\"elementor-widget-container\">\n\t\t\t\t\t\t\t\t\t<h2 id=\"Omnichannel-Sales:-Be-Everywhere-Your-Customers-Are-1\"><strong>Viackan\u00e1lov\u00fd predaj: Bu\u010fte v\u0161ade, kde s\u00fa va\u0161i z\u00e1kazn\u00edci<\/strong><\/h2><h3 id=\"One-Menu.-All-Channels.-Unlimited-Growth.-2\">Jedno menu. V\u0161etky kan\u00e1ly. Neobmedzen\u00fd rast.  <\/h3><p><img fetchpriority=\"high\" decoding=\"async\" class=\"alignright\" src=\"https:\/\/img.perfectwiki.xyz\/insecure\/resize:fit:400\/aHR0cHM6Ly9zdG9yYWdlLmdvb2dsZWFwaXMuY29tL3BlcmZlY3Rfd2lraS9jMThmZTZmNy03MTRiLTQxMzItYmI1NC0zNTY0ODc3NWVkMGMvZVQwemNKcWhZalJnNGtDZVZPcHYvJUQwJUI4JUQwJUI3JUQwJUJFJUQwJUIxJUQxJTgwJUQwJUIwJUQwJUI2JUQwJUI1JUQwJUJEJUQwJUI4JUQwJUI1X2QwMmFkYzNjLTdlMjYtNDkxYi1iMjJmLTVjMGFmMmJkMzEyYS5wbmc.webp\" sizes=\"100vw\" srcset=\"https:\/\/img.perfectwiki.xyz\/insecure\/resize:fit:400\/aHR0cHM6Ly9zdG9yYWdlLmdvb2dsZWFwaXMuY29tL3BlcmZlY3Rfd2lraS9jMThmZTZmNy03MTRiLTQxMzItYmI1NC0zNTY0ODc3NWVkMGMvZVQwemNKcWhZalJnNGtDZVZPcHYvJUQwJUI4JUQwJUI3JUQwJUJFJUQwJUIxJUQxJTgwJUQwJUIwJUQwJUI2JUQwJUI1JUQwJUJEJUQwJUI4JUQwJUI1X2QwMmFkYzNjLTdlMjYtNDkxYi1iMjJmLTVjMGFmMmJkMzEyYS5wbmc.webp 400w, https:\/\/img.perfectwiki.xyz\/insecure\/resize:fit:800\/aHR0cHM6Ly9zdG9yYWdlLmdvb2dsZWFwaXMuY29tL3BlcmZlY3Rfd2lraS9jMThmZTZmNy03MTRiLTQxMzItYmI1NC0zNTY0ODc3NWVkMGMvZVQwemNKcWhZalJnNGtDZVZPcHYvJUQwJUI4JUQwJUI3JUQwJUJFJUQwJUIxJUQxJTgwJUQwJUIwJUQwJUI2JUQwJUI1JUQwJUJEJUQwJUI4JUQwJUI1X2QwMmFkYzNjLTdlMjYtNDkxYi1iMjJmLTVjMGFmMmJkMzEyYS5wbmc.webp 800w, https:\/\/img.perfectwiki.xyz\/insecure\/resize:fit:1200\/aHR0cHM6Ly9zdG9yYWdlLmdvb2dsZWFwaXMuY29tL3BlcmZlY3Rfd2lraS9jMThmZTZmNy03MTRiLTQxMzItYmI1NC0zNTY0ODc3NWVkMGMvZVQwemNKcWhZalJnNGtDZVZPcHYvJUQwJUI4JUQwJUI3JUQwJUJFJUQwJUIxJUQxJTgwJUQwJUIwJUQwJUI2JUQwJUI1JUQwJUJEJUQwJUI4JUQwJUI1X2QwMmFkYzNjLTdlMjYtNDkxYi1iMjJmLTVjMGFmMmJkMzEyYS5wbmc.webp 1200w, https:\/\/img.perfectwiki.xyz\/insecure\/aHR0cHM6Ly9zdG9yYWdlLmdvb2dsZWFwaXMuY29tL3BlcmZlY3Rfd2lraS9jMThmZTZmNy03MTRiLTQxMzItYmI1NC0zNTY0ODc3NWVkMGMvZVQwemNKcWhZalJnNGtDZVZPcHYvJUQwJUI4JUQwJUI3JUQwJUJFJUQwJUIxJUQxJTgwJUQwJUIwJUQwJUI2JUQwJUI1JUQwJUJEJUQwJUI4JUQwJUI1X2QwMmFkYzNjLTdlMjYtNDkxYi1iMjJmLTVjMGFmMmJkMzEyYS5wbmc.webp 1400w\" alt=\"rie\u0161enia \/ 5 Viackan\u00e1lov\u00fd predaj\" width=\"364\" height=\"242\"><\/p><p>Z\u00e1kazn\u00edci si dnes objedn\u00e1vaj\u00fa z aplik\u00e1ci\u00ed, webov\u00fdch str\u00e1nok, kioskov a priamo pri pulte. Pre\u010do si vybra\u0165 jednu, ke\u010f m\u00f4\u017eete ma\u0165 v\u0161etky?<br>Na\u0161e <strong>rie\u0161enie viackan\u00e1lov\u00e9ho predaja<\/strong> sp\u00e1ja v\u0161etky predajn\u00e9 miesta do jedn\u00e9ho bezprobl\u00e9mov\u00e9ho syst\u00e9mu &#8211; tak\u017ee sa nestrat\u00ed \u017eiadna objedn\u00e1vka a ka\u017ed\u00fd z\u00e1kazn\u00edk bude obsl\u00fa\u017een\u00fd. <\/p><p>Online. Vn\u00fatorn\u00e9. Na cesty. V\u0161etko synchronizovan\u00e9.   <\/p><h3 id=\"What-You-Get-2\"><strong>\u010co dostanete<\/strong><\/h3><p><img decoding=\"async\" class=\"alignleft\" src=\"https:\/\/img.perfectwiki.xyz\/insecure\/resize:fit:400\/aHR0cHM6Ly9zdG9yYWdlLmdvb2dsZWFwaXMuY29tL3BlcmZlY3Rfd2lraS9jMThmZTZmNy03MTRiLTQxMzItYmI1NC0zNTY0ODc3NWVkMGMvZVQwemNKcWhZalJnNGtDZVZPcHYvJUQwJUI4JUQwJUI3JUQwJUJFJUQwJUIxJUQxJTgwJUQwJUIwJUQwJUI2JUQwJUI1JUQwJUJEJUQwJUI4JUQwJUI1X2FhYTYwZDUxLWM1YjItNDY0Mi1iNmNmLWYyMTMxYmZiMjQ1MC5wbmc.webp\" sizes=\"100vw\" srcset=\"https:\/\/img.perfectwiki.xyz\/insecure\/resize:fit:400\/aHR0cHM6Ly9zdG9yYWdlLmdvb2dsZWFwaXMuY29tL3BlcmZlY3Rfd2lraS9jMThmZTZmNy03MTRiLTQxMzItYmI1NC0zNTY0ODc3NWVkMGMvZVQwemNKcWhZalJnNGtDZVZPcHYvJUQwJUI4JUQwJUI3JUQwJUJFJUQwJUIxJUQxJTgwJUQwJUIwJUQwJUI2JUQwJUI1JUQwJUJEJUQwJUI4JUQwJUI1X2FhYTYwZDUxLWM1YjItNDY0Mi1iNmNmLWYyMTMxYmZiMjQ1MC5wbmc.webp 400w, https:\/\/img.perfectwiki.xyz\/insecure\/resize:fit:800\/aHR0cHM6Ly9zdG9yYWdlLmdvb2dsZWFwaXMuY29tL3BlcmZlY3Rfd2lraS9jMThmZTZmNy03MTRiLTQxMzItYmI1NC0zNTY0ODc3NWVkMGMvZVQwemNKcWhZalJnNGtDZVZPcHYvJUQwJUI4JUQwJUI3JUQwJUJFJUQwJUIxJUQxJTgwJUQwJUIwJUQwJUI2JUQwJUI1JUQwJUJEJUQwJUI4JUQwJUI1X2FhYTYwZDUxLWM1YjItNDY0Mi1iNmNmLWYyMTMxYmZiMjQ1MC5wbmc.webp 800w, https:\/\/img.perfectwiki.xyz\/insecure\/resize:fit:1200\/aHR0cHM6Ly9zdG9yYWdlLmdvb2dsZWFwaXMuY29tL3BlcmZlY3Rfd2lraS9jMThmZTZmNy03MTRiLTQxMzItYmI1NC0zNTY0ODc3NWVkMGMvZVQwemNKcWhZalJnNGtDZVZPcHYvJUQwJUI4JUQwJUI3JUQwJUJFJUQwJUIxJUQxJTgwJUQwJUIwJUQwJUI2JUQwJUI1JUQwJUJEJUQwJUI4JUQwJUI1X2FhYTYwZDUxLWM1YjItNDY0Mi1iNmNmLWYyMTMxYmZiMjQ1MC5wbmc.webp 1200w, https:\/\/img.perfectwiki.xyz\/insecure\/aHR0cHM6Ly9zdG9yYWdlLmdvb2dsZWFwaXMuY29tL3BlcmZlY3Rfd2lraS9jMThmZTZmNy03MTRiLTQxMzItYmI1NC0zNTY0ODc3NWVkMGMvZVQwemNKcWhZalJnNGtDZVZPcHYvJUQwJUI4JUQwJUI3JUQwJUJFJUQwJUIxJUQxJTgwJUQwJUIwJUQwJUI2JUQwJUI1JUQwJUJEJUQwJUI4JUQwJUI1X2FhYTYwZDUxLWM1YjItNDY0Mi1iNmNmLWYyMTMxYmZiMjQ1MC5wbmc.webp 1400w\" alt=\"rie\u0161enia \/ 5 Viackan\u00e1lov\u00fd predaj\" width=\"242\" height=\"366\"><\/p><p><strong>Jednotn\u00e9 objedn\u00e1vky vo v\u0161etk\u00fdch kan\u00e1loch<\/strong><br>U\u017e \u017eiadne \u017eonglovanie s tabletmi a aplik\u00e1ciami. Objedn\u00e1vky z webu, mobilu, kiosku alebo pokladnice id\u00fa priamo do jedn\u00e9ho syst\u00e9mu &#8211; okam\u017eite. <\/p><p><strong>Modern\u00fd z\u00e1\u017eitok pripraven\u00fd na mobiln\u00e9 zariadenia<\/strong><br>Va\u0161e menu, v\u00e1\u0161 \u0161t\u00fdl &#8211; dostupn\u00e9 na akomko\u013evek zariaden\u00ed. Nechajte z\u00e1kazn\u00edkov objedn\u00e1va\u0165 tak, ako im to vyhovuje. <\/p><p><strong>Synchroniz\u00e1cia z\u00e1sob a menu v re\u00e1lnom \u010dase<\/strong><br>Raz zmen\u00edte cenu alebo polo\u017eku a aktualizuje sa to v\u0161ade: Na pokladni, webovej str\u00e1nke, v aplik\u00e1ci\u00e1ch na rozvoz a v kioskoch.<\/p><p><strong>Centralizovan\u00fd reporting<\/strong><br>Sledujte celkov\u00fd predaj, najlep\u0161ie produkty a spr\u00e1vanie z\u00e1kazn\u00edkov na v\u0161etk\u00fdch platform\u00e1ch &#8211; na jednom informa\u010dnom paneli.<\/p><p><strong>Pripraven\u00e9 na doru\u010denie a vyzdvihnutie<\/strong><br>Prepojte sa priamo s Click &amp; Collect, partnermi pre doru\u010dovanie alebo vlastn\u00fdmi kuri\u00e9rmi pre kompletn\u00fd predajn\u00fd cyklus.<\/p><h3 id=\"Why-It-Matters-2\"><strong>Pre\u010do je to d\u00f4le\u017eit\u00e9<\/strong><\/h3><p><strong>Maximalizujte pr\u00edjmy<\/strong> &#8211; zachyt\u00e1vajte predaj z ka\u017edej platformy 24 hod\u00edn denne, 7 dn\u00ed v t\u00fd\u017edni.<\/p><p><strong>\u00daspora \u010dasu<\/strong> &#8211; u\u017e \u017eiadne dvojit\u00e9 zad\u00e1vanie. Aktualiz\u00e1cie s\u00fa automatick\u00e9 a okam\u017eit\u00e9. <\/p><p><strong>Zn\u00ed\u017eenie po\u010dtu ch\u00fdb<\/strong> &#8211; jednotn\u00e9 objedn\u00e1vky = \u017eiadny zm\u00e4tok, \u017eiadne vynechan\u00e9 polo\u017eky.<\/p><p><strong>Zv\u00fd\u0161enie lojality<\/strong> &#8211; Hladk\u00e9 z\u00e1\u017eitky vo v\u0161etk\u00fdch kontaktn\u00fdch bodoch zvy\u0161uj\u00fa po\u010det opakovan\u00fdch n\u00e1v\u0161tev.<\/p><h3 id=\"Channels-You-Can-Connect-2\"><strong>Kan\u00e1ly, ku ktor\u00fdm sa m\u00f4\u017eete pripoji\u0165<\/strong><\/h3><p><img decoding=\"async\" class=\"alignright\" style=\"margin: 8px 8px 0px;\" src=\"https:\/\/img.perfectwiki.xyz\/insecure\/resize:fit:400\/aHR0cHM6Ly9zdG9yYWdlLmdvb2dsZWFwaXMuY29tL3BlcmZlY3Rfd2lraS9jMThmZTZmNy03MTRiLTQxMzItYmI1NC0zNTY0ODc3NWVkMGMvZVQwemNKcWhZalJnNGtDZVZPcHYvJUQwJUI4JUQwJUI3JUQwJUJFJUQwJUIxJUQxJTgwJUQwJUIwJUQwJUI2JUQwJUI1JUQwJUJEJUQwJUI4JUQwJUI1X2QxY2QyYjAxLTc0ZWYtNDJmYi04Yzk5LTY1M2RhYWMwZDExOS5wbmc.webp\" sizes=\"100vw\" srcset=\"https:\/\/img.perfectwiki.xyz\/insecure\/resize:fit:400\/aHR0cHM6Ly9zdG9yYWdlLmdvb2dsZWFwaXMuY29tL3BlcmZlY3Rfd2lraS9jMThmZTZmNy03MTRiLTQxMzItYmI1NC0zNTY0ODc3NWVkMGMvZVQwemNKcWhZalJnNGtDZVZPcHYvJUQwJUI4JUQwJUI3JUQwJUJFJUQwJUIxJUQxJTgwJUQwJUIwJUQwJUI2JUQwJUI1JUQwJUJEJUQwJUI4JUQwJUI1X2QxY2QyYjAxLTc0ZWYtNDJmYi04Yzk5LTY1M2RhYWMwZDExOS5wbmc.webp 400w, https:\/\/img.perfectwiki.xyz\/insecure\/resize:fit:800\/aHR0cHM6Ly9zdG9yYWdlLmdvb2dsZWFwaXMuY29tL3BlcmZlY3Rfd2lraS9jMThmZTZmNy03MTRiLTQxMzItYmI1NC0zNTY0ODc3NWVkMGMvZVQwemNKcWhZalJnNGtDZVZPcHYvJUQwJUI4JUQwJUI3JUQwJUJFJUQwJUIxJUQxJTgwJUQwJUIwJUQwJUI2JUQwJUI1JUQwJUJEJUQwJUI4JUQwJUI1X2QxY2QyYjAxLTc0ZWYtNDJmYi04Yzk5LTY1M2RhYWMwZDExOS5wbmc.webp 800w, https:\/\/img.perfectwiki.xyz\/insecure\/resize:fit:1200\/aHR0cHM6Ly9zdG9yYWdlLmdvb2dsZWFwaXMuY29tL3BlcmZlY3Rfd2lraS9jMThmZTZmNy03MTRiLTQxMzItYmI1NC0zNTY0ODc3NWVkMGMvZVQwemNKcWhZalJnNGtDZVZPcHYvJUQwJUI4JUQwJUI3JUQwJUJFJUQwJUIxJUQxJTgwJUQwJUIwJUQwJUI2JUQwJUI1JUQwJUJEJUQwJUI4JUQwJUI1X2QxY2QyYjAxLTc0ZWYtNDJmYi04Yzk5LTY1M2RhYWMwZDExOS5wbmc.webp 1200w, https:\/\/img.perfectwiki.xyz\/insecure\/aHR0cHM6Ly9zdG9yYWdlLmdvb2dsZWFwaXMuY29tL3BlcmZlY3Rfd2lraS9jMThmZTZmNy03MTRiLTQxMzItYmI1NC0zNTY0ODc3NWVkMGMvZVQwemNKcWhZalJnNGtDZVZPcHYvJUQwJUI4JUQwJUI3JUQwJUJFJUQwJUIxJUQxJTgwJUQwJUIwJUQwJUI2JUQwJUI1JUQwJUJEJUQwJUI4JUQwJUI1X2QxY2QyYjAxLTc0ZWYtNDJmYi04Yzk5LTY1M2RhYWMwZDExOS5wbmc.webp 1400w\" alt=\"rie\u0161enia \/ 5 Viackan\u00e1lov\u00fd predaj\" width=\"234\" height=\"316\"><\/p><p>\u2705 POS a poklad\u0148a<br>\u2705 Kiosk<br>\u2705 Nat\u00edvna mobiln\u00e1 aplik\u00e1cia<br>\u2705 Zna\u010dkov\u00e1 webov\u00e1 str\u00e1nka<br>\u2705 Doru\u010dovacie platformy (Wolt, Bolt, Glovo at\u010f.)<br>\u2705 Klikni a vyzdvihni<br>\u2705 Objedn\u00e1vanie na QR st\u00f4l<\/p><h2 id=\"Omnichannel-Omnipresence-1\"><strong>Omnichannel = v\u0161adepr\u00edtomnos\u0165<\/strong><\/h2><p>Va\u0161i z\u00e1kazn\u00edci \u017eij\u00fa vo viacer\u00fdch kan\u00e1loch.<br>Teraz aj va\u0161a firma &#8211; bez chaosu.<\/p><p>tay pripojen\u00fd. Zosta\u0148te \u0161k\u00e1lovate\u013en\u00ed. Majte v\u0161etko pod kontrolou.  <\/p>\t\t\t\t\t\t\t\t<\/div>\n\t\t\t\t<\/div>\n\t\t\t\t<div class=\"elementor-element elementor-element-2c75ffcf elementor-align-center elementor-mobile-align-center elementor-widget elementor-widget-button\" data-id=\"2c75ffcf\" data-element_type=\"widget\" data-e-type=\"widget\" data-widget_type=\"button.default\">\n\t\t\t\t<div class=\"elementor-widget-container\">\n\t\t\t\t\t\t\t\t\t<div class=\"elementor-button-wrapper\">\n\t\t\t\t\t<a class=\"elementor-button elementor-button-link elementor-size-sm\" href=\"https:\/\/rkeeper.us\/?page_id=256\">\n\t\t\t\t\t\t<span class=\"elementor-button-content-wrapper\">\n\t\t\t\t\t\t\t\t\t<span class=\"elementor-button-text\">Kontaktujte n\u00e1s<\/span>\n\t\t\t\t\t<\/span>\n\t\t\t\t\t<\/a>\n\t\t\t\t<\/div>\n\t\t\t\t\t\t\t\t<\/div>\n\t\t\t\t<\/div>\n\t\t\t\t\t<\/div>\n\t\t\t\t<\/div>\n\t\t\t\t<\/div>\n\t\t","protected":false},"excerpt":{"rendered":"<p>Viackan\u00e1lov\u00fd predaj Viackan\u00e1lov\u00fd predaj: Bu\u010fte v\u0161ade, kde s\u00fa va\u0161i z\u00e1kazn\u00edci Jedno menu. V\u0161etky kan\u00e1ly. Neobmedzen\u00fd rast. Z\u00e1kazn\u00edci si dnes objedn\u00e1vaj\u00fa z aplik\u00e1ci\u00ed, webov\u00fdch str\u00e1nok, kioskov a priamo pri pulte. Pre\u010do si vybra\u0165 jednu, ke\u010f m\u00f4\u017eete ma\u0165 v\u0161etky?Na\u0161e rie\u0161enie viackan\u00e1lov\u00e9ho predaja sp\u00e1ja v\u0161etky predajn\u00e9 miesta do jedn\u00e9ho bezprobl\u00e9mov\u00e9ho syst\u00e9mu &#8211; tak\u017ee sa nestrat\u00ed \u017eiadna objedn\u00e1vka a [&hellip;]<\/p>\n","protected":false},"author":1,"featured_media":0,"parent":0,"menu_order":0,"comment_status":"closed","ping_status":"closed","template":"","meta":{"footnotes":""},"class_list":["post-2586","page","type-page","status-publish","hentry"],"_links":{"self":[{"href":"https:\/\/ucsrkeeper.sk\/index.php?rest_route=\/wp\/v2\/pages\/2586","targetHints":{"allow":["GET"]}}],"collection":[{"href":"https:\/\/ucsrkeeper.sk\/index.php?rest_route=\/wp\/v2\/pages"}],"about":[{"href":"https:\/\/ucsrkeeper.sk\/index.php?rest_route=\/wp\/v2\/types\/page"}],"author":[{"embeddable":true,"href":"https:\/\/ucsrkeeper.sk\/index.php?rest_route=\/wp\/v2\/users\/1"}],"replies":[{"embeddable":true,"href":"https:\/\/ucsrkeeper.sk\/index.php?rest_route=%2Fwp%2Fv2%2Fcomments&post=2586"}],"version-history":[{"count":2,"href":"https:\/\/ucsrkeeper.sk\/index.php?rest_route=\/wp\/v2\/pages\/2586\/revisions"}],"predecessor-version":[{"id":3666,"href":"https:\/\/ucsrkeeper.sk\/index.php?rest_route=\/wp\/v2\/pages\/2586\/revisions\/3666"}],"wp:attachment":[{"href":"https:\/\/ucsrkeeper.sk\/index.php?rest_route=%2Fwp%2Fv2%2Fmedia&parent=2586"}],"curies":[{"name":"wp","href":"https:\/\/api.w.org\/{rel}","templated":true}]}}