{"id":2644,"date":"2025-07-14T16:00:09","date_gmt":"2025-07-14T13:00:09","guid":{"rendered":"https:\/\/rkeeper.us\/?page_id=2644"},"modified":"2025-07-22T11:56:00","modified_gmt":"2025-07-22T08:56:00","slug":"integracie-dodavok","status":"publish","type":"page","link":"https:\/\/ucsrkeeper.sk\/?page_id=2644","title":{"rendered":"Integr\u00e1cie dod\u00e1vok"},"content":{"rendered":"\t\t<div data-elementor-type=\"wp-page\" data-elementor-id=\"2644\" class=\"elementor elementor-2644 elementor-2241\" data-elementor-post-type=\"page\">\n\t\t\t\t<div class=\"elementor-element elementor-element-5149bce6 e-flex e-con-boxed e-con e-parent\" data-id=\"5149bce6\" data-element_type=\"container\" data-e-type=\"container\">\n\t\t\t\t\t<div class=\"e-con-inner\">\n\t\t\t\t<div class=\"elementor-element elementor-element-1d049450 elementor-widget elementor-widget-heading\" data-id=\"1d049450\" data-element_type=\"widget\" data-e-type=\"widget\" data-widget_type=\"heading.default\">\n\t\t\t\t<div class=\"elementor-widget-container\">\n\t\t\t\t\t<h3 class=\"elementor-heading-title elementor-size-default\">Integr\u00e1cie dod\u00e1vok<\/h3>\t\t\t\t<\/div>\n\t\t\t\t<\/div>\n\t\t\t\t<div class=\"elementor-element elementor-element-670cb37d elementor-widget elementor-widget-text-editor\" data-id=\"670cb37d\" data-element_type=\"widget\" data-e-type=\"widget\" data-widget_type=\"text-editor.default\">\n\t\t\t\t<div class=\"elementor-widget-container\">\n\t\t\t\t\t\t\t\t\t<h3 id=\"Connect-with-the-World's-Top-Delivery-Platforms-All-in-One-Place-2\">Spojte sa s najlep\u0161\u00edmi svetov\u00fdmi platformami na doru\u010dovanie &#8211; v\u0161etko na jednom mieste<\/h3><p>Pre\u010do spravova\u0165 p\u00e4\u0165 tabletov, ke\u010f m\u00f4\u017eete spravova\u0165 len jeden syst\u00e9m?<br>Na\u0161e <strong>integr\u00e1cie pre doru\u010dovanie<\/strong> sp\u00e1jaj\u00fa v\u0161etky hlavn\u00e9 aplik\u00e1cie pre doru\u010dovanie do jedn\u00e9ho bezprobl\u00e9mov\u00e9ho rozhrania. Objedn\u00e1vky sa dostan\u00fa priamo na obrazovku v\u00e1\u0161ho pokladni\u010dn\u00e9ho syst\u00e9mu alebo kuchyne &#8211; \u017eiadne dvojit\u00e9 zad\u00e1vanie, \u017eiadne oneskorenia, \u017eiadny stres. <\/p><p>Glovo. Wolt. Uber Eats. Bolt Food. Foodpanda. Just Eat. Zomato. Deliveroo. \u010coko\u013evek \u010fal\u0161ie? \ud83d\ude42<br>V\u0161etko plne integrovan\u00e9. V\u0161etko pod kontrolou. <\/p><h3 id=\"Why-Delivery-Integration-2\"><strong>Pre\u010do integr\u00e1cia dod\u00e1vok?<\/strong><\/h3><p><img fetchpriority=\"high\" decoding=\"async\" class=\"alignright\" src=\"https:\/\/img.perfectwiki.xyz\/insecure\/resize:fit:400\/aHR0cHM6Ly9zdG9yYWdlLmdvb2dsZWFwaXMuY29tL3BlcmZlY3Rfd2lraS9jMThmZTZmNy03MTRiLTQxMzItYmI1NC0zNTY0ODc3NWVkMGMvd2Ywbms2SEgxS1M5NnJJZVU1bkcvJUQwJUI4JUQwJUI3JUQwJUJFJUQwJUIxJUQxJTgwJUQwJUIwJUQwJUI2JUQwJUI1JUQwJUJEJUQwJUI4JUQwJUI1XzIwOTIxZjFlLTg3MjItNDhiNC1iZWMwLTIyOGJjN2QwZDE5MS5wbmc.webp\" sizes=\"100vw\" srcset=\"https:\/\/img.perfectwiki.xyz\/insecure\/resize:fit:400\/aHR0cHM6Ly9zdG9yYWdlLmdvb2dsZWFwaXMuY29tL3BlcmZlY3Rfd2lraS9jMThmZTZmNy03MTRiLTQxMzItYmI1NC0zNTY0ODc3NWVkMGMvd2Ywbms2SEgxS1M5NnJJZVU1bkcvJUQwJUI4JUQwJUI3JUQwJUJFJUQwJUIxJUQxJTgwJUQwJUIwJUQwJUI2JUQwJUI1JUQwJUJEJUQwJUI4JUQwJUI1XzIwOTIxZjFlLTg3MjItNDhiNC1iZWMwLTIyOGJjN2QwZDE5MS5wbmc.webp 400w, https:\/\/img.perfectwiki.xyz\/insecure\/resize:fit:800\/aHR0cHM6Ly9zdG9yYWdlLmdvb2dsZWFwaXMuY29tL3BlcmZlY3Rfd2lraS9jMThmZTZmNy03MTRiLTQxMzItYmI1NC0zNTY0ODc3NWVkMGMvd2Ywbms2SEgxS1M5NnJJZVU1bkcvJUQwJUI4JUQwJUI3JUQwJUJFJUQwJUIxJUQxJTgwJUQwJUIwJUQwJUI2JUQwJUI1JUQwJUJEJUQwJUI4JUQwJUI1XzIwOTIxZjFlLTg3MjItNDhiNC1iZWMwLTIyOGJjN2QwZDE5MS5wbmc.webp 800w, https:\/\/img.perfectwiki.xyz\/insecure\/resize:fit:1200\/aHR0cHM6Ly9zdG9yYWdlLmdvb2dsZWFwaXMuY29tL3BlcmZlY3Rfd2lraS9jMThmZTZmNy03MTRiLTQxMzItYmI1NC0zNTY0ODc3NWVkMGMvd2Ywbms2SEgxS1M5NnJJZVU1bkcvJUQwJUI4JUQwJUI3JUQwJUJFJUQwJUIxJUQxJTgwJUQwJUIwJUQwJUI2JUQwJUI1JUQwJUJEJUQwJUI4JUQwJUI1XzIwOTIxZjFlLTg3MjItNDhiNC1iZWMwLTIyOGJjN2QwZDE5MS5wbmc.webp 1200w, https:\/\/img.perfectwiki.xyz\/insecure\/aHR0cHM6Ly9zdG9yYWdlLmdvb2dsZWFwaXMuY29tL3BlcmZlY3Rfd2lraS9jMThmZTZmNy03MTRiLTQxMzItYmI1NC0zNTY0ODc3NWVkMGMvd2Ywbms2SEgxS1M5NnJJZVU1bkcvJUQwJUI4JUQwJUI3JUQwJUJFJUQwJUIxJUQxJTgwJUQwJUIwJUQwJUI2JUQwJUI1JUQwJUJEJUQwJUI4JUQwJUI1XzIwOTIxZjFlLTg3MjItNDhiNC1iZWMwLTIyOGJjN2QwZDE5MS5wbmc.webp 1400w\" alt=\"rie\u0161enia \/ 7 Integr\u00e1cie dod\u00e1vok\" width=\"229\" height=\"230\"><\/p><p><strong>Centralizovan\u00e1 spr\u00e1va objedn\u00e1vok<\/strong><br>Z\u00edskajte v\u0161etky objedn\u00e1vky na doru\u010denie na jednom mieste &#8211; priamo do v\u00e1\u0161ho POS alebo kuchynsk\u00e9ho displeja.<\/p><p><strong>\u017diadne manu\u00e1lne zad\u00e1vanie<\/strong><br>U\u017e \u017eiadni zamestnanci nemusia zad\u00e1va\u0165 objedn\u00e1vky z viacer\u00fdch tabletov. V\u0161etko prebieha automaticky. <\/p><p><strong>Menej ch\u00fdb<\/strong><br>Automatick\u00e9 zad\u00e1vanie \u00fadajov = menej ch\u00fdb = spokojnej\u0161\u00ed z\u00e1kazn\u00edci.<\/p><p><strong>Synchroniz\u00e1cia menu v re\u00e1lnom \u010dase<\/strong><br>Zme\u0148te polo\u017eky alebo ceny raz &#8211; aktualiz\u00e1cie sa prenes\u00fa na v\u0161etky platformy.<\/p><p><strong>Zv\u00fd\u0161te predaj bez chaosu<\/strong><br>Spojte sa s nov\u00fdmi z\u00e1kazn\u00edkmi, spracujte viac objedn\u00e1vok a majte v\u0161etko pod kontrolou.<\/p><p><img decoding=\"async\" class=\"alignright\" style=\"margin: 8px 8px 0px;\" src=\"https:\/\/img.perfectwiki.xyz\/insecure\/resize:fit:400\/aHR0cHM6Ly9zdG9yYWdlLmdvb2dsZWFwaXMuY29tL3BlcmZlY3Rfd2lraS9jMThmZTZmNy03MTRiLTQxMzItYmI1NC0zNTY0ODc3NWVkMGMvd2Ywbms2SEgxS1M5NnJJZVU1bkcvJUQwJUI4JUQwJUI3JUQwJUJFJUQwJUIxJUQxJTgwJUQwJUIwJUQwJUI2JUQwJUI1JUQwJUJEJUQwJUI4JUQwJUI1X2E1ZmI3OWUyLThkMDMtNDg2Ny04MzM3LTcwMzQ0ZDNjNTg3NS5wbmc.webp\" sizes=\"100vw\" srcset=\"https:\/\/img.perfectwiki.xyz\/insecure\/resize:fit:400\/aHR0cHM6Ly9zdG9yYWdlLmdvb2dsZWFwaXMuY29tL3BlcmZlY3Rfd2lraS9jMThmZTZmNy03MTRiLTQxMzItYmI1NC0zNTY0ODc3NWVkMGMvd2Ywbms2SEgxS1M5NnJJZVU1bkcvJUQwJUI4JUQwJUI3JUQwJUJFJUQwJUIxJUQxJTgwJUQwJUIwJUQwJUI2JUQwJUI1JUQwJUJEJUQwJUI4JUQwJUI1X2E1ZmI3OWUyLThkMDMtNDg2Ny04MzM3LTcwMzQ0ZDNjNTg3NS5wbmc.webp 400w, https:\/\/img.perfectwiki.xyz\/insecure\/resize:fit:800\/aHR0cHM6Ly9zdG9yYWdlLmdvb2dsZWFwaXMuY29tL3BlcmZlY3Rfd2lraS9jMThmZTZmNy03MTRiLTQxMzItYmI1NC0zNTY0ODc3NWVkMGMvd2Ywbms2SEgxS1M5NnJJZVU1bkcvJUQwJUI4JUQwJUI3JUQwJUJFJUQwJUIxJUQxJTgwJUQwJUIwJUQwJUI2JUQwJUI1JUQwJUJEJUQwJUI4JUQwJUI1X2E1ZmI3OWUyLThkMDMtNDg2Ny04MzM3LTcwMzQ0ZDNjNTg3NS5wbmc.webp 800w, https:\/\/img.perfectwiki.xyz\/insecure\/resize:fit:1200\/aHR0cHM6Ly9zdG9yYWdlLmdvb2dsZWFwaXMuY29tL3BlcmZlY3Rfd2lraS9jMThmZTZmNy03MTRiLTQxMzItYmI1NC0zNTY0ODc3NWVkMGMvd2Ywbms2SEgxS1M5NnJJZVU1bkcvJUQwJUI4JUQwJUI3JUQwJUJFJUQwJUIxJUQxJTgwJUQwJUIwJUQwJUI2JUQwJUI1JUQwJUJEJUQwJUI4JUQwJUI1X2E1ZmI3OWUyLThkMDMtNDg2Ny04MzM3LTcwMzQ0ZDNjNTg3NS5wbmc.webp 1200w, https:\/\/img.perfectwiki.xyz\/insecure\/aHR0cHM6Ly9zdG9yYWdlLmdvb2dsZWFwaXMuY29tL3BlcmZlY3Rfd2lraS9jMThmZTZmNy03MTRiLTQxMzItYmI1NC0zNTY0ODc3NWVkMGMvd2Ywbms2SEgxS1M5NnJJZVU1bkcvJUQwJUI4JUQwJUI3JUQwJUJFJUQwJUIxJUQxJTgwJUQwJUIwJUQwJUI2JUQwJUI1JUQwJUJEJUQwJUI4JUQwJUI1X2E1ZmI3OWUyLThkMDMtNDg2Ny04MzM3LTcwMzQ0ZDNjNTg3NS5wbmc.webp 1400w\" alt=\"rie\u0161enia \/ 7 Integr\u00e1cie dod\u00e1vok\" width=\"236\" height=\"237\"><\/p><h3 id=\"Supported-Platforms-2\"><strong>Podporovan\u00e9 platformy<\/strong><\/h3><p>\u2705 Wolt<br>\u2705 Uber Eats<br>\u2705 Glovo<br>\u2705 Bolt Food<br>\u2705 Foodpanda<br>\u2705 Deliveroo<br>\u2705 Just Eat<br>\u2705 Zomato<br>&#8230;a \u010fal\u0161ie<\/p><h3 id=\"What-You-Get-2\"><strong>\u010co dostanete<\/strong><\/h3><p><img decoding=\"async\" class=\"alignright\" src=\"https:\/\/img.perfectwiki.xyz\/insecure\/resize:fit:400\/aHR0cHM6Ly9zdG9yYWdlLmdvb2dsZWFwaXMuY29tL3BlcmZlY3Rfd2lraS9jMThmZTZmNy03MTRiLTQxMzItYmI1NC0zNTY0ODc3NWVkMGMvd2Ywbms2SEgxS1M5NnJJZVU1bkcvJUQwJUI4JUQwJUI3JUQwJUJFJUQwJUIxJUQxJTgwJUQwJUIwJUQwJUI2JUQwJUI1JUQwJUJEJUQwJUI4JUQwJUI1XzkxZTM2ZTY0LTgwNDQtNGQ1Yy1hNzI1LWM0OTJhYzRhZjdlNS5wbmc.webp\" sizes=\"100vw\" srcset=\"https:\/\/img.perfectwiki.xyz\/insecure\/resize:fit:400\/aHR0cHM6Ly9zdG9yYWdlLmdvb2dsZWFwaXMuY29tL3BlcmZlY3Rfd2lraS9jMThmZTZmNy03MTRiLTQxMzItYmI1NC0zNTY0ODc3NWVkMGMvd2Ywbms2SEgxS1M5NnJJZVU1bkcvJUQwJUI4JUQwJUI3JUQwJUJFJUQwJUIxJUQxJTgwJUQwJUIwJUQwJUI2JUQwJUI1JUQwJUJEJUQwJUI4JUQwJUI1XzkxZTM2ZTY0LTgwNDQtNGQ1Yy1hNzI1LWM0OTJhYzRhZjdlNS5wbmc.webp 400w, https:\/\/img.perfectwiki.xyz\/insecure\/resize:fit:800\/aHR0cHM6Ly9zdG9yYWdlLmdvb2dsZWFwaXMuY29tL3BlcmZlY3Rfd2lraS9jMThmZTZmNy03MTRiLTQxMzItYmI1NC0zNTY0ODc3NWVkMGMvd2Ywbms2SEgxS1M5NnJJZVU1bkcvJUQwJUI4JUQwJUI3JUQwJUJFJUQwJUIxJUQxJTgwJUQwJUIwJUQwJUI2JUQwJUI1JUQwJUJEJUQwJUI4JUQwJUI1XzkxZTM2ZTY0LTgwNDQtNGQ1Yy1hNzI1LWM0OTJhYzRhZjdlNS5wbmc.webp 800w, https:\/\/img.perfectwiki.xyz\/insecure\/resize:fit:1200\/aHR0cHM6Ly9zdG9yYWdlLmdvb2dsZWFwaXMuY29tL3BlcmZlY3Rfd2lraS9jMThmZTZmNy03MTRiLTQxMzItYmI1NC0zNTY0ODc3NWVkMGMvd2Ywbms2SEgxS1M5NnJJZVU1bkcvJUQwJUI4JUQwJUI3JUQwJUJFJUQwJUIxJUQxJTgwJUQwJUIwJUQwJUI2JUQwJUI1JUQwJUJEJUQwJUI4JUQwJUI1XzkxZTM2ZTY0LTgwNDQtNGQ1Yy1hNzI1LWM0OTJhYzRhZjdlNS5wbmc.webp 1200w, https:\/\/img.perfectwiki.xyz\/insecure\/aHR0cHM6Ly9zdG9yYWdlLmdvb2dsZWFwaXMuY29tL3BlcmZlY3Rfd2lraS9jMThmZTZmNy03MTRiLTQxMzItYmI1NC0zNTY0ODc3NWVkMGMvd2Ywbms2SEgxS1M5NnJJZVU1bkcvJUQwJUI4JUQwJUI3JUQwJUJFJUQwJUIxJUQxJTgwJUQwJUIwJUQwJUI2JUQwJUI1JUQwJUJEJUQwJUI4JUQwJUI1XzkxZTM2ZTY0LTgwNDQtNGQ1Yy1hNzI1LWM0OTJhYzRhZjdlNS5wbmc.webp 1400w\" alt=\"rie\u0161enia \/ 7 Integr\u00e1cie dod\u00e1vok\" width=\"265\" height=\"396\"><\/p><ul><li>Konsolidovan\u00e9 spr\u00e1vy o predaji vo v\u0161etk\u00fdch aplik\u00e1ci\u00e1ch na doru\u010dovanie<\/li><li>Lep\u0161ie pl\u00e1novanie kuchyne s vidite\u013enos\u0165ou objedn\u00e1vok v re\u00e1lnom \u010dase<\/li><li>Zn\u00ed\u017eenie po\u010dtu \u013eudsk\u00fdch ch\u00fdb a oneskoren\u00ed<\/li><li>Objedn\u00e1vky pr\u00fadia do v\u00e1\u0161ho POS &#8211; \u017eiadne prep\u00ednanie obrazoviek<\/li><li>Viacjazy\u010dn\u00e1 podpora pre glob\u00e1lne publikum<\/li><li>Viac objedn\u00e1vok, menej starost\u00ed<\/li><\/ul><h3 id=\"For-Chains-and-Single-Venues-Alike-2\"><strong>Pre re\u0165azce aj jednotliv\u00e9 miesta<\/strong><\/h3><p>\u010ci u\u017e prev\u00e1dzkujete jeden hamburger alebo 200 sushi prev\u00e1dzok &#8211; toto rie\u0161enie sa \u0161k\u00e1luje spolu s vami.<br>Viacero pobo\u010diek? \u017diadny probl\u00e9m. Pom\u00f4\u017eeme v\u00e1m s nastaven\u00edm pod\u013ea prev\u00e1dzok a v\u0161etko prepoj\u00edme s jedn\u00fdm inteligentn\u00fdm back office.  <\/p><h2 id=\"Work-Smarter.-Deliver-Faster.-Grow-Bigger.-1\"><strong>Pracujte inteligentnej\u0161ie. Dod\u00e1vajte r\u00fdchlej\u0161ie. Rozv\u00edjajte sa viac.  <\/strong><\/h2><p>Preme\u0148te doru\u010dovanie na strategick\u00fd zdroj pr\u00edjmov &#8211; bez toho, aby ste zv\u00fd\u0161ili svoje pracovn\u00e9 za\u0165a\u017eenie.<\/p>\t\t\t\t\t\t\t\t<\/div>\n\t\t\t\t<\/div>\n\t\t\t\t<div class=\"elementor-element elementor-element-6e90363b elementor-align-center elementor-mobile-align-center elementor-widget elementor-widget-button\" data-id=\"6e90363b\" data-element_type=\"widget\" data-e-type=\"widget\" data-widget_type=\"button.default\">\n\t\t\t\t<div class=\"elementor-widget-container\">\n\t\t\t\t\t\t\t\t\t<div class=\"elementor-button-wrapper\">\n\t\t\t\t\t<a class=\"elementor-button elementor-button-link elementor-size-sm\" href=\"https:\/\/rkeeper.us\/?page_id=256\">\n\t\t\t\t\t\t<span class=\"elementor-button-content-wrapper\">\n\t\t\t\t\t\t\t\t\t<span class=\"elementor-button-text\">Kontaktujte n\u00e1s<\/span>\n\t\t\t\t\t<\/span>\n\t\t\t\t\t<\/a>\n\t\t\t\t<\/div>\n\t\t\t\t\t\t\t\t<\/div>\n\t\t\t\t<\/div>\n\t\t\t\t\t<\/div>\n\t\t\t\t<\/div>\n\t\t\t\t<\/div>\n\t\t","protected":false},"excerpt":{"rendered":"<p>Integr\u00e1cie dod\u00e1vok Spojte sa s najlep\u0161\u00edmi svetov\u00fdmi platformami na doru\u010dovanie &#8211; v\u0161etko na jednom mieste Pre\u010do spravova\u0165 p\u00e4\u0165 tabletov, ke\u010f m\u00f4\u017eete spravova\u0165 len jeden syst\u00e9m?Na\u0161e integr\u00e1cie pre doru\u010dovanie sp\u00e1jaj\u00fa v\u0161etky hlavn\u00e9 aplik\u00e1cie pre doru\u010dovanie do jedn\u00e9ho bezprobl\u00e9mov\u00e9ho rozhrania. Objedn\u00e1vky sa dostan\u00fa priamo na obrazovku v\u00e1\u0161ho pokladni\u010dn\u00e9ho syst\u00e9mu alebo kuchyne &#8211; \u017eiadne dvojit\u00e9 zad\u00e1vanie, \u017eiadne oneskorenia, [&hellip;]<\/p>\n","protected":false},"author":1,"featured_media":0,"parent":0,"menu_order":0,"comment_status":"closed","ping_status":"closed","template":"","meta":{"footnotes":""},"class_list":["post-2644","page","type-page","status-publish","hentry"],"_links":{"self":[{"href":"https:\/\/ucsrkeeper.sk\/index.php?rest_route=\/wp\/v2\/pages\/2644","targetHints":{"allow":["GET"]}}],"collection":[{"href":"https:\/\/ucsrkeeper.sk\/index.php?rest_route=\/wp\/v2\/pages"}],"about":[{"href":"https:\/\/ucsrkeeper.sk\/index.php?rest_route=\/wp\/v2\/types\/page"}],"author":[{"embeddable":true,"href":"https:\/\/ucsrkeeper.sk\/index.php?rest_route=\/wp\/v2\/users\/1"}],"replies":[{"embeddable":true,"href":"https:\/\/ucsrkeeper.sk\/index.php?rest_route=%2Fwp%2Fv2%2Fcomments&post=2644"}],"version-history":[{"count":5,"href":"https:\/\/ucsrkeeper.sk\/index.php?rest_route=\/wp\/v2\/pages\/2644\/revisions"}],"predecessor-version":[{"id":3602,"href":"https:\/\/ucsrkeeper.sk\/index.php?rest_route=\/wp\/v2\/pages\/2644\/revisions\/3602"}],"wp:attachment":[{"href":"https:\/\/ucsrkeeper.sk\/index.php?rest_route=%2Fwp%2Fv2%2Fmedia&parent=2644"}],"curies":[{"name":"wp","href":"https:\/\/api.w.org\/{rel}","templated":true}]}}