{"id":2756,"date":"2025-06-27T13:23:18","date_gmt":"2025-06-27T10:23:18","guid":{"rendered":"https:\/\/rkeeper.us\/?page_id=2756"},"modified":"2025-07-22T11:51:57","modified_gmt":"2025-07-22T08:51:57","slug":"system-click-collect","status":"publish","type":"page","link":"https:\/\/ucsrkeeper.sk\/?page_id=2756","title":{"rendered":"Syst\u00e9m Click &amp; Collect"},"content":{"rendered":"\t\t<div data-elementor-type=\"wp-page\" data-elementor-id=\"2756\" class=\"elementor elementor-2756 elementor-1937\" data-elementor-post-type=\"page\">\n\t\t\t\t<div class=\"elementor-element elementor-element-27df4ed7 e-flex e-con-boxed e-con e-parent\" data-id=\"27df4ed7\" data-element_type=\"container\" data-e-type=\"container\">\n\t\t\t\t\t<div class=\"e-con-inner\">\n\t\t\t\t<div class=\"elementor-element elementor-element-8e622fb elementor-widget elementor-widget-heading\" data-id=\"8e622fb\" data-element_type=\"widget\" data-e-type=\"widget\" data-widget_type=\"heading.default\">\n\t\t\t\t<div class=\"elementor-widget-container\">\n\t\t\t\t\t<h3 class=\"elementor-heading-title elementor-size-default\">Syst\u00e9m Click &amp; Collect<\/h3>\t\t\t\t<\/div>\n\t\t\t\t<\/div>\n\t\t\t\t<div class=\"elementor-element elementor-element-17833098 elementor-widget elementor-widget-text-editor\" data-id=\"17833098\" data-element_type=\"widget\" data-e-type=\"widget\" data-widget_type=\"text-editor.default\">\n\t\t\t\t<div class=\"elementor-widget-container\">\n\t\t\t\t\t\t\t\t\t<h3 id=\"Simplify-Your-Pickup-Orders-with-Click-and-Collect-2\"><strong>Zjednodu\u0161te si vyzdvihnutie objedn\u00e1vky pomocou slu\u017eby Klikni a vyzdvihni<\/strong><\/h3><h3 id=\"Seamless-Integration-for-Smoother-Operations-2\">Bezprobl\u00e9mov\u00e1 integr\u00e1cia pre plynulej\u0161ie oper\u00e1cie<\/h3><p>Rozl\u00fa\u010dte sa s dlh\u00fdmi radmi a chaosom v objedn\u00e1vkach. S funkciou <strong>Click and Collect<\/strong> si va\u0161i z\u00e1kazn\u00edci m\u00f4\u017eu objedna\u0165 vopred a vyzdvihn\u00fa\u0165 si tovar pod\u013ea vlastn\u00e9ho uv\u00e1\u017eenia, zatia\u013e \u010do vy zefekt\u00edvnite pr\u00e1cu v kuchyni a s person\u00e1lom. <\/p><p>\u013dahko sa nastavuje, hladko sa ovl\u00e1da a je vytvoren\u00fd tak, aby zvy\u0161oval predaj aj spokojnos\u0165.<\/p><p>R\u00fdchlo. Flexibiln\u00fd. Zabezpe\u010den\u00e9 na bud\u00facnos\u0165.  <\/p><p><img fetchpriority=\"high\" decoding=\"async\" class=\"alignright\" src=\"https:\/\/img.perfectwiki.xyz\/insecure\/resize:fit:400\/aHR0cHM6Ly9zdG9yYWdlLmdvb2dsZWFwaXMuY29tL3BlcmZlY3Rfd2lraS9jMThmZTZmNy03MTRiLTQxMzItYmI1NC0zNTY0ODc3NWVkMGMvQ2FWOVIwbzVwdkdmamtpRHJ5cjUvJUQwJUI4JUQwJUI3JUQwJUJFJUQwJUIxJUQxJTgwJUQwJUIwJUQwJUI2JUQwJUI1JUQwJUJEJUQwJUI4JUQwJUI1Xzk5ZDUwNTAyLWUxNzMtNGIwZS1hMjU5LTg4YTQ0ZGQyMzA5NC5wbmc.webp\" sizes=\"100vw\" srcset=\"https:\/\/img.perfectwiki.xyz\/insecure\/resize:fit:400\/aHR0cHM6Ly9zdG9yYWdlLmdvb2dsZWFwaXMuY29tL3BlcmZlY3Rfd2lraS9jMThmZTZmNy03MTRiLTQxMzItYmI1NC0zNTY0ODc3NWVkMGMvQ2FWOVIwbzVwdkdmamtpRHJ5cjUvJUQwJUI4JUQwJUI3JUQwJUJFJUQwJUIxJUQxJTgwJUQwJUIwJUQwJUI2JUQwJUI1JUQwJUJEJUQwJUI4JUQwJUI1Xzk5ZDUwNTAyLWUxNzMtNGIwZS1hMjU5LTg4YTQ0ZGQyMzA5NC5wbmc.webp 400w, https:\/\/img.perfectwiki.xyz\/insecure\/resize:fit:800\/aHR0cHM6Ly9zdG9yYWdlLmdvb2dsZWFwaXMuY29tL3BlcmZlY3Rfd2lraS9jMThmZTZmNy03MTRiLTQxMzItYmI1NC0zNTY0ODc3NWVkMGMvQ2FWOVIwbzVwdkdmamtpRHJ5cjUvJUQwJUI4JUQwJUI3JUQwJUJFJUQwJUIxJUQxJTgwJUQwJUIwJUQwJUI2JUQwJUI1JUQwJUJEJUQwJUI4JUQwJUI1Xzk5ZDUwNTAyLWUxNzMtNGIwZS1hMjU5LTg4YTQ0ZGQyMzA5NC5wbmc.webp 800w, https:\/\/img.perfectwiki.xyz\/insecure\/resize:fit:1200\/aHR0cHM6Ly9zdG9yYWdlLmdvb2dsZWFwaXMuY29tL3BlcmZlY3Rfd2lraS9jMThmZTZmNy03MTRiLTQxMzItYmI1NC0zNTY0ODc3NWVkMGMvQ2FWOVIwbzVwdkdmamtpRHJ5cjUvJUQwJUI4JUQwJUI3JUQwJUJFJUQwJUIxJUQxJTgwJUQwJUIwJUQwJUI2JUQwJUI1JUQwJUJEJUQwJUI4JUQwJUI1Xzk5ZDUwNTAyLWUxNzMtNGIwZS1hMjU5LTg4YTQ0ZGQyMzA5NC5wbmc.webp 1200w, https:\/\/img.perfectwiki.xyz\/insecure\/aHR0cHM6Ly9zdG9yYWdlLmdvb2dsZWFwaXMuY29tL3BlcmZlY3Rfd2lraS9jMThmZTZmNy03MTRiLTQxMzItYmI1NC0zNTY0ODc3NWVkMGMvQ2FWOVIwbzVwdkdmamtpRHJ5cjUvJUQwJUI4JUQwJUI3JUQwJUJFJUQwJUIxJUQxJTgwJUQwJUIwJUQwJUI2JUQwJUI1JUQwJUJEJUQwJUI4JUQwJUI1Xzk5ZDUwNTAyLWUxNzMtNGIwZS1hMjU5LTg4YTQ0ZGQyMzA5NC5wbmc.webp 1400w\" alt=\"produkty \/ 2 Klikni a vyzdvihni\" width=\"386\" height=\"259\"><\/p><h3 id=\"Benefits-of-Click-and-Collect-2\"><strong>V\u00fdhody slu\u017eby Click and Collect<\/strong><\/h3><ul><li><strong>Zv\u00fd\u0161en\u00fd objem objedn\u00e1vok<\/strong><br>Umo\u017enite svojim z\u00e1kazn\u00edkom zad\u00e1va\u0165 objedn\u00e1vky na vyzdvihnutie kedyko\u013evek &#8211; aj po\u010das \u0161pi\u010dky. Viac objedn\u00e1vok, menej dopravn\u00fdch z\u00e1pch. <\/li><li><strong>Zv\u00fd\u0161en\u00e1 spokojnos\u0165 z\u00e1kazn\u00edkov<\/strong><br>\u017diadne \u010dakanie. \u017diadna nespr\u00e1vna komunik\u00e1cia. Len bezprobl\u00e9mov\u00e9, r\u00fdchle a presn\u00e9 slu\u017eby.  <\/li><li><strong>Skr\u00e1tenie \u010dasu \u010dakania<\/strong><br>V\u010faka intervalom na vyzdvihnutie a aktualiz\u00e1ci\u00e1m v re\u00e1lnom \u010dase z\u00e1kazn\u00edci presne vedia, kedy maj\u00fa pr\u00eds\u0165 &#8211; a kedy od\u00eds\u0165.<\/li><\/ul><h2 id=\"How-It-Works-1\"><strong>Ako to funguje<\/strong><\/h2><h3 id=\"Benefits-of-Click-and-Collect-2\"><img decoding=\"async\" class=\"alignleft\" style=\"font-size: 16px;\" src=\"https:\/\/img.perfectwiki.xyz\/insecure\/resize:fit:400\/aHR0cHM6Ly9zdG9yYWdlLmdvb2dsZWFwaXMuY29tL3BlcmZlY3Rfd2lraS9jMThmZTZmNy03MTRiLTQxMzItYmI1NC0zNTY0ODc3NWVkMGMvQ2FWOVIwbzVwdkdmamtpRHJ5cjUvJUQwJUI4JUQwJUI3JUQwJUJFJUQwJUIxJUQxJTgwJUQwJUIwJUQwJUI2JUQwJUI1JUQwJUJEJUQwJUI4JUQwJUI1Xzc0MjFiOGVhLWI1Y2MtNDc5ZC1iZDQ5LTUwODc3OGQ0YTVlYi5wbmc.webp\" sizes=\"100vw\" srcset=\"https:\/\/img.perfectwiki.xyz\/insecure\/resize:fit:400\/aHR0cHM6Ly9zdG9yYWdlLmdvb2dsZWFwaXMuY29tL3BlcmZlY3Rfd2lraS9jMThmZTZmNy03MTRiLTQxMzItYmI1NC0zNTY0ODc3NWVkMGMvQ2FWOVIwbzVwdkdmamtpRHJ5cjUvJUQwJUI4JUQwJUI3JUQwJUJFJUQwJUIxJUQxJTgwJUQwJUIwJUQwJUI2JUQwJUI1JUQwJUJEJUQwJUI4JUQwJUI1Xzc0MjFiOGVhLWI1Y2MtNDc5ZC1iZDQ5LTUwODc3OGQ0YTVlYi5wbmc.webp 400w, https:\/\/img.perfectwiki.xyz\/insecure\/resize:fit:800\/aHR0cHM6Ly9zdG9yYWdlLmdvb2dsZWFwaXMuY29tL3BlcmZlY3Rfd2lraS9jMThmZTZmNy03MTRiLTQxMzItYmI1NC0zNTY0ODc3NWVkMGMvQ2FWOVIwbzVwdkdmamtpRHJ5cjUvJUQwJUI4JUQwJUI3JUQwJUJFJUQwJUIxJUQxJTgwJUQwJUIwJUQwJUI2JUQwJUI1JUQwJUJEJUQwJUI4JUQwJUI1Xzc0MjFiOGVhLWI1Y2MtNDc5ZC1iZDQ5LTUwODc3OGQ0YTVlYi5wbmc.webp 800w, https:\/\/img.perfectwiki.xyz\/insecure\/resize:fit:1200\/aHR0cHM6Ly9zdG9yYWdlLmdvb2dsZWFwaXMuY29tL3BlcmZlY3Rfd2lraS9jMThmZTZmNy03MTRiLTQxMzItYmI1NC0zNTY0ODc3NWVkMGMvQ2FWOVIwbzVwdkdmamtpRHJ5cjUvJUQwJUI4JUQwJUI3JUQwJUJFJUQwJUIxJUQxJTgwJUQwJUIwJUQwJUI2JUQwJUI1JUQwJUJEJUQwJUI4JUQwJUI1Xzc0MjFiOGVhLWI1Y2MtNDc5ZC1iZDQ5LTUwODc3OGQ0YTVlYi5wbmc.webp 1200w, https:\/\/img.perfectwiki.xyz\/insecure\/aHR0cHM6Ly9zdG9yYWdlLmdvb2dsZWFwaXMuY29tL3BlcmZlY3Rfd2lraS9jMThmZTZmNy03MTRiLTQxMzItYmI1NC0zNTY0ODc3NWVkMGMvQ2FWOVIwbzVwdkdmamtpRHJ5cjUvJUQwJUI4JUQwJUI3JUQwJUJFJUQwJUIxJUQxJTgwJUQwJUIwJUQwJUI2JUQwJUI1JUQwJUJEJUQwJUI4JUQwJUI1Xzc0MjFiOGVhLWI1Y2MtNDc5ZC1iZDQ5LTUwODc3OGQ0YTVlYi5wbmc.webp 1400w\" alt=\"produkty \/ 2 Klikni a vyzdvihni\" width=\"404\" height=\"271\"><\/h3><h5><strong>Jednoduch\u00e9 nastavenie<\/strong><\/h5><p>Na\u0161a intuit\u00edvna platforma sa integruje s va\u0161\u00edm existuj\u00facim pokladni\u010dn\u00fdm syst\u00e9mom. V okamihu budete m\u00f4c\u0165 za\u010da\u0165 pracova\u0165 &#8211; bez probl\u00e9mov s IT. <\/p><h5><strong>Bezprobl\u00e9mov\u00e9 objedn\u00e1vanie<\/strong><\/h5><p>Z\u00e1kazn\u00edci zad\u00e1vaj\u00fa objedn\u00e1vky z va\u0161ej webovej str\u00e1nky, aplik\u00e1cie alebo kiosku. V\u0161etko sa okam\u017eite synchronizuje s va\u0161ou kuchy\u0148ou. <\/p><h5><strong>Efekt\u00edvny zber<\/strong><\/h5><p>Z\u00e1kazn\u00edci dostan\u00fa upozornenie, ke\u010f je ich jedlo pripraven\u00e9. Jednoducho pr\u00eddu, vezm\u00fa si a od\u00eddu. <\/p><h3 id=\"Detailed-Features-of-Click-and-Collect-2\"><strong>Podrobn\u00e9 funkcie slu\u017eby Click and Collect<\/strong><\/h3><h5><strong>Spr\u00e1va objedn\u00e1vok<\/strong><\/h5><p>Sledujte a spravujte v\u0161etky objedn\u00e1vky vyzdvihnutia na jednotnom ovl\u00e1dacom paneli. Zobrazujte, aktualizujte a pl\u0148te objedn\u00e1vky bez n\u00e1mahy. <\/p><h5><strong>Aktualiz\u00e1cie v re\u00e1lnom \u010dase<\/strong><\/h5><h3 id=\"Detailed-Features-of-Click-and-Collect-2\"><img decoding=\"async\" class=\"alignright\" style=\"font-size: 16px; margin: 8px 8px 0px;\" src=\"https:\/\/img.perfectwiki.xyz\/insecure\/resize:fit:400\/aHR0cHM6Ly9zdG9yYWdlLmdvb2dsZWFwaXMuY29tL3BlcmZlY3Rfd2lraS9jMThmZTZmNy03MTRiLTQxMzItYmI1NC0zNTY0ODc3NWVkMGMvQ2FWOVIwbzVwdkdmamtpRHJ5cjUvJUQwJUI4JUQwJUI3JUQwJUJFJUQwJUIxJUQxJTgwJUQwJUIwJUQwJUI2JUQwJUI1JUQwJUJEJUQwJUI4JUQwJUI1XzIyNjhhNTc2LTU3MzQtNDNlYS05MGU2LTQ4ODhjYWY3Mjk5Ny5wbmc.webp\" sizes=\"100vw\" srcset=\"https:\/\/img.perfectwiki.xyz\/insecure\/resize:fit:400\/aHR0cHM6Ly9zdG9yYWdlLmdvb2dsZWFwaXMuY29tL3BlcmZlY3Rfd2lraS9jMThmZTZmNy03MTRiLTQxMzItYmI1NC0zNTY0ODc3NWVkMGMvQ2FWOVIwbzVwdkdmamtpRHJ5cjUvJUQwJUI4JUQwJUI3JUQwJUJFJUQwJUIxJUQxJTgwJUQwJUIwJUQwJUI2JUQwJUI1JUQwJUJEJUQwJUI4JUQwJUI1XzIyNjhhNTc2LTU3MzQtNDNlYS05MGU2LTQ4ODhjYWY3Mjk5Ny5wbmc.webp 400w, https:\/\/img.perfectwiki.xyz\/insecure\/resize:fit:800\/aHR0cHM6Ly9zdG9yYWdlLmdvb2dsZWFwaXMuY29tL3BlcmZlY3Rfd2lraS9jMThmZTZmNy03MTRiLTQxMzItYmI1NC0zNTY0ODc3NWVkMGMvQ2FWOVIwbzVwdkdmamtpRHJ5cjUvJUQwJUI4JUQwJUI3JUQwJUJFJUQwJUIxJUQxJTgwJUQwJUIwJUQwJUI2JUQwJUI1JUQwJUJEJUQwJUI4JUQwJUI1XzIyNjhhNTc2LTU3MzQtNDNlYS05MGU2LTQ4ODhjYWY3Mjk5Ny5wbmc.webp 800w, https:\/\/img.perfectwiki.xyz\/insecure\/resize:fit:1200\/aHR0cHM6Ly9zdG9yYWdlLmdvb2dsZWFwaXMuY29tL3BlcmZlY3Rfd2lraS9jMThmZTZmNy03MTRiLTQxMzItYmI1NC0zNTY0ODc3NWVkMGMvQ2FWOVIwbzVwdkdmamtpRHJ5cjUvJUQwJUI4JUQwJUI3JUQwJUJFJUQwJUIxJUQxJTgwJUQwJUIwJUQwJUI2JUQwJUI1JUQwJUJEJUQwJUI4JUQwJUI1XzIyNjhhNTc2LTU3MzQtNDNlYS05MGU2LTQ4ODhjYWY3Mjk5Ny5wbmc.webp 1200w, https:\/\/img.perfectwiki.xyz\/insecure\/aHR0cHM6Ly9zdG9yYWdlLmdvb2dsZWFwaXMuY29tL3BlcmZlY3Rfd2lraS9jMThmZTZmNy03MTRiLTQxMzItYmI1NC0zNTY0ODc3NWVkMGMvQ2FWOVIwbzVwdkdmamtpRHJ5cjUvJUQwJUI4JUQwJUI3JUQwJUJFJUQwJUIxJUQxJTgwJUQwJUIwJUQwJUI2JUQwJUI1JUQwJUJEJUQwJUI4JUQwJUI1XzIyNjhhNTc2LTU3MzQtNDNlYS05MGU2LTQ4ODhjYWY3Mjk5Ny5wbmc.webp 1400w\" alt=\"produkty \/ 2 Klikni a vyzdvihni\" width=\"362\" height=\"241\"><\/h3><p>Automatick\u00e9 upozornenia na stav informuj\u00fa z\u00e1kazn\u00edkov &#8211; od &#8222;pripravuje sa&#8220; a\u017e po &#8222;pripraven\u00e9 na vyzdvihnutie&#8220;.<\/p><h5><strong>Prisp\u00f4sobite\u013en\u00e9 sloty na vyzdvihnutie<\/strong><\/h5><p>Nechajte z\u00e1kazn\u00edkov vybra\u0165 si \u010das vyzdvihnutia. Kontrolujte tok objedn\u00e1vok a vyhnite sa pre\u0165a\u017eeniu v \u010dase \u0161pi\u010dky. <\/p><h5><strong>Integrovan\u00e9 platobn\u00e9 rie\u0161enia<\/strong><\/h5><p>Podpora v\u0161etk\u00fdch hlavn\u00fdch typov platieb: karty, mobiln\u00e9 platby, preddavky &#8211; bezpe\u010dne spracovan\u00e9.<\/p><h5><strong>Ste pripraven\u00ed zjednodu\u0161i\u0165 prev\u00e1dzku a zv\u00fd\u0161i\u0165 svoje pr\u00edjmy?<\/strong><\/h5><p>Nechajte Click and Collect urobi\u0165 \u0165a\u017ek\u00fa pr\u00e1cu, zatia\u013e \u010do vy obsl\u00fa\u017eite viac z\u00e1kazn\u00edkov efekt\u00edvnej\u0161ie.<\/p>\t\t\t\t\t\t\t\t<\/div>\n\t\t\t\t<\/div>\n\t\t\t\t<div class=\"elementor-element elementor-element-20b48f24 elementor-align-center elementor-mobile-align-center elementor-widget elementor-widget-button\" data-id=\"20b48f24\" data-element_type=\"widget\" data-e-type=\"widget\" data-widget_type=\"button.default\">\n\t\t\t\t<div class=\"elementor-widget-container\">\n\t\t\t\t\t\t\t\t\t<div class=\"elementor-button-wrapper\">\n\t\t\t\t\t<a class=\"elementor-button elementor-button-link elementor-size-sm\" href=\"https:\/\/rkeeper.us\/?page_id=256\">\n\t\t\t\t\t\t<span class=\"elementor-button-content-wrapper\">\n\t\t\t\t\t\t\t\t\t<span class=\"elementor-button-text\">Kontaktujte n\u00e1s<\/span>\n\t\t\t\t\t<\/span>\n\t\t\t\t\t<\/a>\n\t\t\t\t<\/div>\n\t\t\t\t\t\t\t\t<\/div>\n\t\t\t\t<\/div>\n\t\t\t\t\t<\/div>\n\t\t\t\t<\/div>\n\t\t\t\t<\/div>\n\t\t","protected":false},"excerpt":{"rendered":"<p>Syst\u00e9m Click &amp; Collect Zjednodu\u0161te si vyzdvihnutie objedn\u00e1vky pomocou slu\u017eby Klikni a vyzdvihni Bezprobl\u00e9mov\u00e1 integr\u00e1cia pre plynulej\u0161ie oper\u00e1cie Rozl\u00fa\u010dte sa s dlh\u00fdmi radmi a chaosom v objedn\u00e1vkach. S funkciou Click and Collect si va\u0161i z\u00e1kazn\u00edci m\u00f4\u017eu objedna\u0165 vopred a vyzdvihn\u00fa\u0165 si tovar pod\u013ea vlastn\u00e9ho uv\u00e1\u017eenia, zatia\u013e \u010do vy zefekt\u00edvnite pr\u00e1cu v kuchyni a s person\u00e1lom. [&hellip;]<\/p>\n","protected":false},"author":1,"featured_media":0,"parent":0,"menu_order":0,"comment_status":"closed","ping_status":"closed","template":"","meta":{"footnotes":""},"class_list":["post-2756","page","type-page","status-publish","hentry"],"_links":{"self":[{"href":"https:\/\/ucsrkeeper.sk\/index.php?rest_route=\/wp\/v2\/pages\/2756","targetHints":{"allow":["GET"]}}],"collection":[{"href":"https:\/\/ucsrkeeper.sk\/index.php?rest_route=\/wp\/v2\/pages"}],"about":[{"href":"https:\/\/ucsrkeeper.sk\/index.php?rest_route=\/wp\/v2\/types\/page"}],"author":[{"embeddable":true,"href":"https:\/\/ucsrkeeper.sk\/index.php?rest_route=\/wp\/v2\/users\/1"}],"replies":[{"embeddable":true,"href":"https:\/\/ucsrkeeper.sk\/index.php?rest_route=%2Fwp%2Fv2%2Fcomments&post=2756"}],"version-history":[{"count":5,"href":"https:\/\/ucsrkeeper.sk\/index.php?rest_route=\/wp\/v2\/pages\/2756\/revisions"}],"predecessor-version":[{"id":3583,"href":"https:\/\/ucsrkeeper.sk\/index.php?rest_route=\/wp\/v2\/pages\/2756\/revisions\/3583"}],"wp:attachment":[{"href":"https:\/\/ucsrkeeper.sk\/index.php?rest_route=%2Fwp%2Fv2%2Fmedia&parent=2756"}],"curies":[{"name":"wp","href":"https:\/\/api.w.org\/{rel}","templated":true}]}}