{"id":2953,"date":"2025-07-14T15:42:44","date_gmt":"2025-07-14T12:42:44","guid":{"rendered":"https:\/\/rkeeper.us\/?page_id=2953"},"modified":"2025-07-22T12:01:01","modified_gmt":"2025-07-22T09:01:01","slug":"riadenie-zasob","status":"publish","type":"page","link":"https:\/\/ucsrkeeper.sk\/?page_id=2953","title":{"rendered":"Riadenie z\u00e1sob"},"content":{"rendered":"\t\t<div data-elementor-type=\"wp-page\" data-elementor-id=\"2953\" class=\"elementor elementor-2953 elementor-2199\" data-elementor-post-type=\"page\">\n\t\t\t\t<div class=\"elementor-element elementor-element-54294efb e-flex e-con-boxed e-con e-parent\" data-id=\"54294efb\" data-element_type=\"container\" data-e-type=\"container\">\n\t\t\t\t\t<div class=\"e-con-inner\">\n\t\t\t\t<div class=\"elementor-element elementor-element-38df2e54 elementor-widget elementor-widget-heading\" data-id=\"38df2e54\" data-element_type=\"widget\" data-e-type=\"widget\" data-widget_type=\"heading.default\">\n\t\t\t\t<div class=\"elementor-widget-container\">\n\t\t\t\t\t<h3 class=\"elementor-heading-title elementor-size-default\">Riadenie z\u00e1sob<\/h3>\t\t\t\t<\/div>\n\t\t\t\t<\/div>\n\t\t\t\t<div class=\"elementor-element elementor-element-7e621205 elementor-widget elementor-widget-text-editor\" data-id=\"7e621205\" data-element_type=\"widget\" data-e-type=\"widget\" data-widget_type=\"text-editor.default\">\n\t\t\t\t<div class=\"elementor-widget-container\">\n\t\t\t\t\t\t\t\t\t<h2 id=\"Inventory-Management-Made-Simple-1\"><strong>Jednoduch\u00e9 riadenie z\u00e1sob<\/strong><\/h2><h3 id=\"Know-What-You-Have.-Control-What-You-Need.-2\">Zistite, \u010do m\u00e1te. Ovl\u00e1dajte, \u010do potrebujete. <\/h3><p>Rozl\u00fa\u010dte sa s dohadmi, nedostatkom a nadmern\u00fdmi z\u00e1sobami.<br>N\u00e1\u0161 <strong>syst\u00e9m riadenia z\u00e1sob<\/strong> v\u00e1m poskytuje \u00fapln\u00fa kontrolu nad z\u00e1sobami va\u0161ej re\u0161taur\u00e1cie &#8211; v re\u00e1lnom \u010dase. Od \u010derstv\u00fdch ingredienci\u00ed a\u017e po papierov\u00e9 obr\u00fasky, sledujte v\u0161etko bez n\u00e1mahy a obmedzte plytvanie ako profesion\u00e1l. <\/p><p>Od kuchyne a\u017e po sklad &#8211; \u00fapln\u00fd preh\u013ead, \u017eiadny stres.<\/p><h3 id=\"Why-Inventory-Management-Matters-2\"><strong>Pre\u010do je d\u00f4le\u017eit\u00e9 riadenie z\u00e1sob<\/strong><\/h3><p><img fetchpriority=\"high\" decoding=\"async\" class=\"alignright\" style=\"width: 324px; height: 394px;\" src=\"https:\/\/img.perfectwiki.xyz\/insecure\/resize:fit:400\/aHR0cHM6Ly9zdG9yYWdlLmdvb2dsZWFwaXMuY29tL3BlcmZlY3Rfd2lraS9jMThmZTZmNy03MTRiLTQxMzItYmI1NC0zNTY0ODc3NWVkMGMvakRWZWJVOFpYRkFjZVpqT3BIWVIvJUQwJUI4JUQwJUI3JUQwJUJFJUQwJUIxJUQxJTgwJUQwJUIwJUQwJUI2JUQwJUI1JUQwJUJEJUQwJUI4JUQwJUI1XzExMGZkMjVlLWRiZTgtNGNhNC1iMGU0LTQzMjU1NjVjYzQxYy5wbmc.webp\" sizes=\"100vw\" srcset=\"https:\/\/img.perfectwiki.xyz\/insecure\/resize:fit:400\/aHR0cHM6Ly9zdG9yYWdlLmdvb2dsZWFwaXMuY29tL3BlcmZlY3Rfd2lraS9jMThmZTZmNy03MTRiLTQxMzItYmI1NC0zNTY0ODc3NWVkMGMvakRWZWJVOFpYRkFjZVpqT3BIWVIvJUQwJUI4JUQwJUI3JUQwJUJFJUQwJUIxJUQxJTgwJUQwJUIwJUQwJUI2JUQwJUI1JUQwJUJEJUQwJUI4JUQwJUI1XzExMGZkMjVlLWRiZTgtNGNhNC1iMGU0LTQzMjU1NjVjYzQxYy5wbmc.webp 400w, https:\/\/img.perfectwiki.xyz\/insecure\/resize:fit:800\/aHR0cHM6Ly9zdG9yYWdlLmdvb2dsZWFwaXMuY29tL3BlcmZlY3Rfd2lraS9jMThmZTZmNy03MTRiLTQxMzItYmI1NC0zNTY0ODc3NWVkMGMvakRWZWJVOFpYRkFjZVpqT3BIWVIvJUQwJUI4JUQwJUI3JUQwJUJFJUQwJUIxJUQxJTgwJUQwJUIwJUQwJUI2JUQwJUI1JUQwJUJEJUQwJUI4JUQwJUI1XzExMGZkMjVlLWRiZTgtNGNhNC1iMGU0LTQzMjU1NjVjYzQxYy5wbmc.webp 800w, https:\/\/img.perfectwiki.xyz\/insecure\/resize:fit:1200\/aHR0cHM6Ly9zdG9yYWdlLmdvb2dsZWFwaXMuY29tL3BlcmZlY3Rfd2lraS9jMThmZTZmNy03MTRiLTQxMzItYmI1NC0zNTY0ODc3NWVkMGMvakRWZWJVOFpYRkFjZVpqT3BIWVIvJUQwJUI4JUQwJUI3JUQwJUJFJUQwJUIxJUQxJTgwJUQwJUIwJUQwJUI2JUQwJUI1JUQwJUJEJUQwJUI4JUQwJUI1XzExMGZkMjVlLWRiZTgtNGNhNC1iMGU0LTQzMjU1NjVjYzQxYy5wbmc.webp 1200w, https:\/\/img.perfectwiki.xyz\/insecure\/aHR0cHM6Ly9zdG9yYWdlLmdvb2dsZWFwaXMuY29tL3BlcmZlY3Rfd2lraS9jMThmZTZmNy03MTRiLTQxMzItYmI1NC0zNTY0ODc3NWVkMGMvakRWZWJVOFpYRkFjZVpqT3BIWVIvJUQwJUI4JUQwJUI3JUQwJUJFJUQwJUIxJUQxJTgwJUQwJUIwJUQwJUI2JUQwJUI1JUQwJUJEJUQwJUI4JUQwJUI1XzExMGZkMjVlLWRiZTgtNGNhNC1iMGU0LTQzMjU1NjVjYzQxYy5wbmc.webp 1400w\" alt=\"produkty \/ 4 Riadenie z\u00e1sob\" width=\"218\" height=\"266\"><\/p><p><strong>Presn\u00e9 sledovanie z\u00e1sob<\/strong><br>Na prv\u00fd poh\u013ead presne vid\u00edte, \u010do je na sklade, \u010doho je m\u00e1lo a \u010do treba objedna\u0165.<\/p><p><strong>Zn\u00ed\u017ete mno\u017estvo odpadu a u\u0161etrite peniaze<\/strong><br>Z\u00edskajte upozornenia na d\u00e1tumy exspir\u00e1cie, sledujte sp\u00f4soby pou\u017e\u00edvania a objedn\u00e1vajte len to, \u010do potrebujete.<\/p><p><strong>R\u00fdchlej\u0161ie kontroly z\u00e1sob<\/strong><br>Zbavte sa tabuliek. Skenujte, po\u010d\u00edtajte a synchronizujte v priebehu nieko\u013ek\u00fdch sek\u00fand &#8211; dokonca aj z telef\u00f3nu alebo tabletu. <\/p><p><strong>Podpora viacer\u00fdch pobo\u010diek<\/strong><br>Spravujete nieko\u013eko predajn\u00ed? Z\u00edskajte jednotn\u00fd preh\u013ead o z\u00e1sob\u00e1ch vo v\u0161etk\u00fdch svojich prev\u00e1dzkach. <\/p><p><strong>Inteligentn\u00e9 reporty a progn\u00f3zy<\/strong><br>Predv\u00eddajte dopyt, predch\u00e1dzajte nedostatku a optimalizujte n\u00e1kupy pomocou preh\u013eadu zalo\u017een\u00e9ho na \u00fadajoch.<\/p><h3 id=\"Key-Features-2\"><strong>K\u013e\u00fa\u010dov\u00e9 vlastnosti<\/strong><\/h3><p><img decoding=\"async\" class=\"alignleft\" src=\"https:\/\/img.perfectwiki.xyz\/insecure\/resize:fit:400\/aHR0cHM6Ly9zdG9yYWdlLmdvb2dsZWFwaXMuY29tL3BlcmZlY3Rfd2lraS9jMThmZTZmNy03MTRiLTQxMzItYmI1NC0zNTY0ODc3NWVkMGMvakRWZWJVOFpYRkFjZVpqT3BIWVIvJUQwJUI4JUQwJUI3JUQwJUJFJUQwJUIxJUQxJTgwJUQwJUIwJUQwJUI2JUQwJUI1JUQwJUJEJUQwJUI4JUQwJUI1X2EwOWQzOWQ2LWE2YjEtNDJmMC1hMzcyLTQzMzFhZGJiMWNmMi5wbmc.webp\" sizes=\"100vw\" srcset=\"https:\/\/img.perfectwiki.xyz\/insecure\/resize:fit:400\/aHR0cHM6Ly9zdG9yYWdlLmdvb2dsZWFwaXMuY29tL3BlcmZlY3Rfd2lraS9jMThmZTZmNy03MTRiLTQxMzItYmI1NC0zNTY0ODc3NWVkMGMvakRWZWJVOFpYRkFjZVpqT3BIWVIvJUQwJUI4JUQwJUI3JUQwJUJFJUQwJUIxJUQxJTgwJUQwJUIwJUQwJUI2JUQwJUI1JUQwJUJEJUQwJUI4JUQwJUI1X2EwOWQzOWQ2LWE2YjEtNDJmMC1hMzcyLTQzMzFhZGJiMWNmMi5wbmc.webp 400w, https:\/\/img.perfectwiki.xyz\/insecure\/resize:fit:800\/aHR0cHM6Ly9zdG9yYWdlLmdvb2dsZWFwaXMuY29tL3BlcmZlY3Rfd2lraS9jMThmZTZmNy03MTRiLTQxMzItYmI1NC0zNTY0ODc3NWVkMGMvakRWZWJVOFpYRkFjZVpqT3BIWVIvJUQwJUI4JUQwJUI3JUQwJUJFJUQwJUIxJUQxJTgwJUQwJUIwJUQwJUI2JUQwJUI1JUQwJUJEJUQwJUI4JUQwJUI1X2EwOWQzOWQ2LWE2YjEtNDJmMC1hMzcyLTQzMzFhZGJiMWNmMi5wbmc.webp 800w, https:\/\/img.perfectwiki.xyz\/insecure\/resize:fit:1200\/aHR0cHM6Ly9zdG9yYWdlLmdvb2dsZWFwaXMuY29tL3BlcmZlY3Rfd2lraS9jMThmZTZmNy03MTRiLTQxMzItYmI1NC0zNTY0ODc3NWVkMGMvakRWZWJVOFpYRkFjZVpqT3BIWVIvJUQwJUI4JUQwJUI3JUQwJUJFJUQwJUIxJUQxJTgwJUQwJUIwJUQwJUI2JUQwJUI1JUQwJUJEJUQwJUI4JUQwJUI1X2EwOWQzOWQ2LWE2YjEtNDJmMC1hMzcyLTQzMzFhZGJiMWNmMi5wbmc.webp 1200w, https:\/\/img.perfectwiki.xyz\/insecure\/aHR0cHM6Ly9zdG9yYWdlLmdvb2dsZWFwaXMuY29tL3BlcmZlY3Rfd2lraS9jMThmZTZmNy03MTRiLTQxMzItYmI1NC0zNTY0ODc3NWVkMGMvakRWZWJVOFpYRkFjZVpqT3BIWVIvJUQwJUI4JUQwJUI3JUQwJUJFJUQwJUIxJUQxJTgwJUQwJUIwJUQwJUI2JUQwJUI1JUQwJUJEJUQwJUI4JUQwJUI1X2EwOWQzOWQ2LWE2YjEtNDJmMC1hMzcyLTQzMzFhZGJiMWNmMi5wbmc.webp 1400w\" alt=\"produkty \/ 4 Riadenie z\u00e1sob\" width=\"210\" height=\"316\"><\/p><ul><li><strong>Aktualiz\u00e1cie z\u00e1sob v re\u00e1lnom \u010dase<\/strong><br>\u017div\u00e9 zobrazenie v\u0161etk\u00fdch produktov, ktor\u00e9 sa automaticky aktualizuje po ka\u017edom predaji alebo dod\u00e1vke.<\/li><li><strong>Sledovanie na z\u00e1klade receptov<\/strong><br>Sledujte pou\u017eitie ingredienci\u00ed na z\u00e1klade predan\u00fdch polo\u017eiek menu &#8211; vedzte, \u010do a kedy sa pou\u017e\u00edva.<\/li><li><strong>Automatick\u00e9 odpor\u00fa\u010dania na n\u00e1kup<\/strong><br>Syst\u00e9m navrhuje, kedy a \u010do objedna\u0165 na z\u00e1klade trendov spotreby.<\/li><li><strong>Spr\u00e1va dod\u00e1vate\u013eov<\/strong><br>Ukladajte inform\u00e1cie o dod\u00e1vate\u013eoch, ceny a hist\u00f3riu n\u00e1kupov na jednom mieste.<\/li><li><strong>Presuny z\u00e1sob<\/strong><br>Pres\u00favajte polo\u017eky medzi lokalitami s \u00faplnou sledovate\u013enos\u0165ou.<\/li><\/ul><figure class=\"image image_resized\"><img decoding=\"async\" class=\"alignright\" src=\"https:\/\/img.perfectwiki.xyz\/insecure\/resize:fit:400\/aHR0cHM6Ly9zdG9yYWdlLmdvb2dsZWFwaXMuY29tL3BlcmZlY3Rfd2lraS9jMThmZTZmNy03MTRiLTQxMzItYmI1NC0zNTY0ODc3NWVkMGMvakRWZWJVOFpYRkFjZVpqT3BIWVIvJUQwJUI4JUQwJUI3JUQwJUJFJUQwJUIxJUQxJTgwJUQwJUIwJUQwJUI2JUQwJUI1JUQwJUJEJUQwJUI4JUQwJUI1XzA3ZWM5Y2UwLTAzNDQtNGQ1MC04OWQ2LTNmZjUwYjJkMWE1OC5wbmc.webp\" sizes=\"100vw\" srcset=\"https:\/\/img.perfectwiki.xyz\/insecure\/resize:fit:400\/aHR0cHM6Ly9zdG9yYWdlLmdvb2dsZWFwaXMuY29tL3BlcmZlY3Rfd2lraS9jMThmZTZmNy03MTRiLTQxMzItYmI1NC0zNTY0ODc3NWVkMGMvakRWZWJVOFpYRkFjZVpqT3BIWVIvJUQwJUI4JUQwJUI3JUQwJUJFJUQwJUIxJUQxJTgwJUQwJUIwJUQwJUI2JUQwJUI1JUQwJUJEJUQwJUI4JUQwJUI1XzA3ZWM5Y2UwLTAzNDQtNGQ1MC04OWQ2LTNmZjUwYjJkMWE1OC5wbmc.webp 400w, https:\/\/img.perfectwiki.xyz\/insecure\/resize:fit:800\/aHR0cHM6Ly9zdG9yYWdlLmdvb2dsZWFwaXMuY29tL3BlcmZlY3Rfd2lraS9jMThmZTZmNy03MTRiLTQxMzItYmI1NC0zNTY0ODc3NWVkMGMvakRWZWJVOFpYRkFjZVpqT3BIWVIvJUQwJUI4JUQwJUI3JUQwJUJFJUQwJUIxJUQxJTgwJUQwJUIwJUQwJUI2JUQwJUI1JUQwJUJEJUQwJUI4JUQwJUI1XzA3ZWM5Y2UwLTAzNDQtNGQ1MC04OWQ2LTNmZjUwYjJkMWE1OC5wbmc.webp 800w, https:\/\/img.perfectwiki.xyz\/insecure\/resize:fit:1200\/aHR0cHM6Ly9zdG9yYWdlLmdvb2dsZWFwaXMuY29tL3BlcmZlY3Rfd2lraS9jMThmZTZmNy03MTRiLTQxMzItYmI1NC0zNTY0ODc3NWVkMGMvakRWZWJVOFpYRkFjZVpqT3BIWVIvJUQwJUI4JUQwJUI3JUQwJUJFJUQwJUIxJUQxJTgwJUQwJUIwJUQwJUI2JUQwJUI1JUQwJUJEJUQwJUI4JUQwJUI1XzA3ZWM5Y2UwLTAzNDQtNGQ1MC04OWQ2LTNmZjUwYjJkMWE1OC5wbmc.webp 1200w, https:\/\/img.perfectwiki.xyz\/insecure\/aHR0cHM6Ly9zdG9yYWdlLmdvb2dsZWFwaXMuY29tL3BlcmZlY3Rfd2lraS9jMThmZTZmNy03MTRiLTQxMzItYmI1NC0zNTY0ODc3NWVkMGMvakRWZWJVOFpYRkFjZVpqT3BIWVIvJUQwJUI4JUQwJUI3JUQwJUJFJUQwJUIxJUQxJTgwJUQwJUIwJUQwJUI2JUQwJUI1JUQwJUJEJUQwJUI4JUQwJUI1XzA3ZWM5Y2UwLTAzNDQtNGQ1MC04OWQ2LTNmZjUwYjJkMWE1OC5wbmc.webp 1400w\" alt=\"produkty \/ 4 Riadenie z\u00e1sob\" width=\"261\" height=\"262\"><\/figure><h3 id=\"For-Whom-2\"><strong>Pre koho?<\/strong><\/h3><p><strong>\u0160\u00e9fkuch\u00e1ri a kuchynsk\u00fd person\u00e1l<\/strong> &#8211; vedzte, \u010do je k dispoz\u00edcii bez toho, aby ste museli otvori\u0165 chladni\u010dku.<br><strong>Mana\u017e\u00e9ri skladu<\/strong> &#8211; Zbavte sa neaktu\u00e1lnych z\u00e1sob manu\u00e1lne.<br><strong>Majitelia re\u0161taur\u00e1ci\u00ed<\/strong> &#8211; sledujte ka\u017ed\u00fd n\u00e1klad. Zn\u00ed\u017ete ka\u017ed\u00fa stratu. <\/p><h2 id=\"Run-Lean.-Save-Big.-Scale-Smart.-1\"><strong>\u0160etrn\u00fd beh. U\u0161etrite ve\u013ea. Rozumne \u0161k\u00e1lujte.  <\/strong><\/h2><p>S na\u0161\u00edm n\u00e1strojom na spr\u00e1vu z\u00e1sob nielen sledujete z\u00e1soby, ale aj odomyk\u00e1te zisky.<\/p>\t\t\t\t\t\t\t\t<\/div>\n\t\t\t\t<\/div>\n\t\t\t\t<div class=\"elementor-element elementor-element-2514b49b elementor-align-center elementor-mobile-align-center elementor-widget elementor-widget-button\" data-id=\"2514b49b\" data-element_type=\"widget\" data-e-type=\"widget\" data-widget_type=\"button.default\">\n\t\t\t\t<div class=\"elementor-widget-container\">\n\t\t\t\t\t\t\t\t\t<div class=\"elementor-button-wrapper\">\n\t\t\t\t\t<a class=\"elementor-button elementor-button-link elementor-size-sm\" href=\"https:\/\/rkeeper.us\/?page_id=256\">\n\t\t\t\t\t\t<span class=\"elementor-button-content-wrapper\">\n\t\t\t\t\t\t\t\t\t<span class=\"elementor-button-text\">Kontaktujte n\u00e1s<\/span>\n\t\t\t\t\t<\/span>\n\t\t\t\t\t<\/a>\n\t\t\t\t<\/div>\n\t\t\t\t\t\t\t\t<\/div>\n\t\t\t\t<\/div>\n\t\t\t\t\t<\/div>\n\t\t\t\t<\/div>\n\t\t\t\t<\/div>\n\t\t","protected":false},"excerpt":{"rendered":"<p>Riadenie z\u00e1sob Jednoduch\u00e9 riadenie z\u00e1sob Zistite, \u010do m\u00e1te. Ovl\u00e1dajte, \u010do potrebujete. Rozl\u00fa\u010dte sa s dohadmi, nedostatkom a nadmern\u00fdmi z\u00e1sobami.N\u00e1\u0161 syst\u00e9m riadenia z\u00e1sob v\u00e1m poskytuje \u00fapln\u00fa kontrolu nad z\u00e1sobami va\u0161ej re\u0161taur\u00e1cie &#8211; v re\u00e1lnom \u010dase. Od \u010derstv\u00fdch ingredienci\u00ed a\u017e po papierov\u00e9 obr\u00fasky, sledujte v\u0161etko bez n\u00e1mahy a obmedzte plytvanie ako profesion\u00e1l. Od kuchyne a\u017e po sklad [&hellip;]<\/p>\n","protected":false},"author":1,"featured_media":0,"parent":0,"menu_order":0,"comment_status":"closed","ping_status":"closed","template":"","meta":{"footnotes":""},"class_list":["post-2953","page","type-page","status-publish","hentry"],"_links":{"self":[{"href":"https:\/\/ucsrkeeper.sk\/index.php?rest_route=\/wp\/v2\/pages\/2953","targetHints":{"allow":["GET"]}}],"collection":[{"href":"https:\/\/ucsrkeeper.sk\/index.php?rest_route=\/wp\/v2\/pages"}],"about":[{"href":"https:\/\/ucsrkeeper.sk\/index.php?rest_route=\/wp\/v2\/types\/page"}],"author":[{"embeddable":true,"href":"https:\/\/ucsrkeeper.sk\/index.php?rest_route=\/wp\/v2\/users\/1"}],"replies":[{"embeddable":true,"href":"https:\/\/ucsrkeeper.sk\/index.php?rest_route=%2Fwp%2Fv2%2Fcomments&post=2953"}],"version-history":[{"count":5,"href":"https:\/\/ucsrkeeper.sk\/index.php?rest_route=\/wp\/v2\/pages\/2953\/revisions"}],"predecessor-version":[{"id":3646,"href":"https:\/\/ucsrkeeper.sk\/index.php?rest_route=\/wp\/v2\/pages\/2953\/revisions\/3646"}],"wp:attachment":[{"href":"https:\/\/ucsrkeeper.sk\/index.php?rest_route=%2Fwp%2Fv2%2Fmedia&parent=2953"}],"curies":[{"name":"wp","href":"https:\/\/api.w.org\/{rel}","templated":true}]}}